{"id":69,"date":"2020-01-27T08:05:29","date_gmt":"2020-01-27T07:05:29","guid":{"rendered":"https:\/\/demosites.io\/web-agency-gb\/?page_id=69"},"modified":"2025-08-29T13:33:01","modified_gmt":"2025-08-29T11:33:01","slug":"nos-destinations-programmees","status":"publish","type":"page","link":"https:\/\/ipanemavoyages.fr\/index.php\/nos-destinations-programmees\/","title":{"rendered":"Nos destinations programm\u00e9es"},"content":{"rendered":"\n<div class=\"wp-block-cover alignfull\" style=\"min-height:300px;aspect-ratio:unset;\"><img loading=\"lazy\" decoding=\"async\" width=\"2560\" height=\"1677\" class=\"wp-block-cover__image-background wp-image-378\" alt=\"\" src=\"http:\/\/ipanemavoyages.fr\/wp-content\/uploads\/2022\/09\/pexels-andrea-piacquadio-3769138-scaled.jpg\" data-object-fit=\"cover\" srcset=\"https:\/\/ipanemavoyages.fr\/wp-content\/uploads\/2022\/09\/pexels-andrea-piacquadio-3769138-scaled.jpg 2560w, https:\/\/ipanemavoyages.fr\/wp-content\/uploads\/2022\/09\/pexels-andrea-piacquadio-3769138-300x197.jpg 300w, https:\/\/ipanemavoyages.fr\/wp-content\/uploads\/2022\/09\/pexels-andrea-piacquadio-3769138-1024x671.jpg 1024w, https:\/\/ipanemavoyages.fr\/wp-content\/uploads\/2022\/09\/pexels-andrea-piacquadio-3769138-768x503.jpg 768w, https:\/\/ipanemavoyages.fr\/wp-content\/uploads\/2022\/09\/pexels-andrea-piacquadio-3769138-1536x1006.jpg 1536w, https:\/\/ipanemavoyages.fr\/wp-content\/uploads\/2022\/09\/pexels-andrea-piacquadio-3769138-2048x1342.jpg 2048w\" sizes=\"auto, (max-width: 2560px) 100vw, 2560px\" \/><span aria-hidden=\"true\" class=\"wp-block-cover__background has-nv-dark-bg-background-color has-background-dim-40 has-background-dim\"><\/span><div class=\"wp-block-cover__inner-container is-layout-flow wp-block-cover-is-layout-flow\">\n<div class=\"wp-block-group\"><div class=\"wp-block-group__inner-container is-layout-flow wp-block-group-is-layout-flow\">\n<h1 class=\"wp-block-heading alignwide has-text-align-left has-nv-light-bg-color has-text-color\">Nos destinations programm\u00e9es<\/h1>\n<\/div><\/div>\n<\/div><\/div>\n\n\n\n<div style=\"height:36px\" aria-hidden=\"true\" class=\"wp-block-spacer\"><\/div>\n\n\n\n<div class=\"wp-block-columns is-layout-flex wp-container-core-columns-is-layout-9d6595d7 wp-block-columns-is-layout-flex\">\n<div class=\"wp-block-column is-layout-flow wp-block-column-is-layout-flow\">\n<figure class=\"wp-block-image size-full is-style-default\"><img loading=\"lazy\" decoding=\"async\" width=\"960\" height=\"640\" src=\"http:\/\/ipanemavoyages.fr\/wp-content\/uploads\/2022\/09\/lyon-2382879_960_720.jpg\" alt=\"\" class=\"wp-image-403\" srcset=\"https:\/\/ipanemavoyages.fr\/wp-content\/uploads\/2022\/09\/lyon-2382879_960_720.jpg 960w, https:\/\/ipanemavoyages.fr\/wp-content\/uploads\/2022\/09\/lyon-2382879_960_720-300x200.jpg 300w, https:\/\/ipanemavoyages.fr\/wp-content\/uploads\/2022\/09\/lyon-2382879_960_720-768x512.jpg 768w, https:\/\/ipanemavoyages.fr\/wp-content\/uploads\/2022\/09\/lyon-2382879_960_720-930x620.jpg 930w\" sizes=\"auto, (max-width: 960px) 100vw, 960px\" \/><\/figure>\n\n\n\n<div style=\"height:5px\" aria-hidden=\"true\" class=\"wp-block-spacer\"><\/div>\n\n\n\n<div class=\"wp-block-buttons is-content-justification-center is-layout-flex wp-container-core-buttons-is-layout-16018d1d wp-block-buttons-is-layout-flex\">\n<div class=\"wp-block-button\"><a class=\"wp-block-button__link has-background wp-element-button\" href=\"http:\/\/ipanemavoyages.fr\/index.php\/france\/\" style=\"border-radius:50px;background-color:#9f2131\">FRANCE<\/a><\/div>\n<\/div>\n\n\n\n<div style=\"height:18px\" aria-hidden=\"true\" class=\"wp-block-spacer\"><\/div>\n\n\n\n<p class=\"has-text-align-center\">S\u00e9jours et circuits en Provence et en Alsace<\/p>\n<\/div>\n\n\n\n<div class=\"wp-block-column is-layout-flow wp-block-column-is-layout-flow\">\n<figure class=\"wp-block-image size-large\"><img loading=\"lazy\" decoding=\"async\" width=\"1024\" height=\"681\" src=\"http:\/\/ipanemavoyages.fr\/wp-content\/uploads\/2022\/09\/pexels-pixabay-269790-1024x681.jpg\" alt=\"\" class=\"wp-image-408\" srcset=\"https:\/\/ipanemavoyages.fr\/wp-content\/uploads\/2022\/09\/pexels-pixabay-269790-1024x681.jpg 1024w, https:\/\/ipanemavoyages.fr\/wp-content\/uploads\/2022\/09\/pexels-pixabay-269790-300x200.jpg 300w, https:\/\/ipanemavoyages.fr\/wp-content\/uploads\/2022\/09\/pexels-pixabay-269790-768x511.jpg 768w, https:\/\/ipanemavoyages.fr\/wp-content\/uploads\/2022\/09\/pexels-pixabay-269790-1536x1022.jpg 1536w, https:\/\/ipanemavoyages.fr\/wp-content\/uploads\/2022\/09\/pexels-pixabay-269790-2048x1363.jpg 2048w\" sizes=\"auto, (max-width: 1024px) 100vw, 1024px\" \/><\/figure>\n\n\n\n<div style=\"height:5px\" aria-hidden=\"true\" class=\"wp-block-spacer\"><\/div>\n\n\n\n<div class=\"wp-block-buttons is-content-justification-center is-layout-flex wp-container-core-buttons-is-layout-16018d1d wp-block-buttons-is-layout-flex\">\n<div class=\"wp-block-button\"><a class=\"wp-block-button__link has-background wp-element-button\" href=\"http:\/\/ipanemavoyages.fr\/index.php\/europe\/\" style=\"border-radius:50px;background-color:#9f2131\">EUROPE<\/a><\/div>\n<\/div>\n\n\n\n<div style=\"height:18px\" aria-hidden=\"true\" class=\"wp-block-spacer\"><\/div>\n\n\n\n<p class=\"has-text-align-center\">L\u2019Allemagne, l\u2019Autriche, l\u2019Espagne, la Hongrie l\u2019Italie, Malte, la Norv\u00e8ge, la Pologne, les Pays Baltes, la R\u00e9publique Tch\u00e8que, le Portugal&#8230;<\/p>\n<\/div>\n\n\n\n<div class=\"wp-block-column is-layout-flow wp-block-column-is-layout-flow\">\n<figure class=\"wp-block-image size-large\"><img loading=\"lazy\" decoding=\"async\" width=\"1024\" height=\"683\" src=\"http:\/\/ipanemavoyages.fr\/wp-content\/uploads\/2022\/09\/pexels-blue-ox-studio-2063892-1024x683.jpg\" alt=\"\" class=\"wp-image-406\" srcset=\"https:\/\/ipanemavoyages.fr\/wp-content\/uploads\/2022\/09\/pexels-blue-ox-studio-2063892-1024x683.jpg 1024w, https:\/\/ipanemavoyages.fr\/wp-content\/uploads\/2022\/09\/pexels-blue-ox-studio-2063892-300x200.jpg 300w, https:\/\/ipanemavoyages.fr\/wp-content\/uploads\/2022\/09\/pexels-blue-ox-studio-2063892-768x512.jpg 768w, https:\/\/ipanemavoyages.fr\/wp-content\/uploads\/2022\/09\/pexels-blue-ox-studio-2063892-1536x1024.jpg 1536w, https:\/\/ipanemavoyages.fr\/wp-content\/uploads\/2022\/09\/pexels-blue-ox-studio-2063892-2048x1365.jpg 2048w, https:\/\/ipanemavoyages.fr\/wp-content\/uploads\/2022\/09\/pexels-blue-ox-studio-2063892-930x620.jpg 930w\" sizes=\"auto, (max-width: 1024px) 100vw, 1024px\" \/><\/figure>\n\n\n\n<div style=\"height:5px\" aria-hidden=\"true\" class=\"wp-block-spacer\"><\/div>\n\n\n\n<div class=\"wp-block-buttons is-content-justification-center is-layout-flex wp-container-core-buttons-is-layout-16018d1d wp-block-buttons-is-layout-flex\">\n<div class=\"wp-block-button\"><a class=\"wp-block-button__link has-background wp-element-button\" href=\"http:\/\/ipanemavoyages.fr\/index.php\/afrique\/\" style=\"border-radius:50px;background-color:#9f2131\">AFRIQUE<\/a><\/div>\n<\/div>\n\n\n\n<div style=\"height:18px\" aria-hidden=\"true\" class=\"wp-block-spacer\"><\/div>\n\n\n\n<p class=\"has-text-align-center\">L\u2019Afrique du Sud, Madagascar, Maroc, Egypte\u2026.<\/p>\n<\/div>\n<\/div>\n\n\n\n<div style=\"height:4px\" aria-hidden=\"true\" class=\"wp-block-spacer\"><\/div>\n\n\n\n<div class=\"wp-block-columns is-layout-flex wp-container-core-columns-is-layout-9d6595d7 wp-block-columns-is-layout-flex\">\n<div class=\"wp-block-column is-layout-flow wp-block-column-is-layout-flow\"><div class=\"wp-block-image\">\n<figure class=\"aligncenter size-large is-resized\"><img loading=\"lazy\" decoding=\"async\" width=\"1024\" height=\"655\" src=\"http:\/\/ipanemavoyages.fr\/wp-content\/uploads\/2022\/09\/pexels-nout-gons-378570-1024x655.jpg\" alt=\"\" class=\"wp-image-405\" style=\"width:353px;height:226px\" srcset=\"https:\/\/ipanemavoyages.fr\/wp-content\/uploads\/2022\/09\/pexels-nout-gons-378570-1024x655.jpg 1024w, https:\/\/ipanemavoyages.fr\/wp-content\/uploads\/2022\/09\/pexels-nout-gons-378570-300x192.jpg 300w, https:\/\/ipanemavoyages.fr\/wp-content\/uploads\/2022\/09\/pexels-nout-gons-378570-768x491.jpg 768w, https:\/\/ipanemavoyages.fr\/wp-content\/uploads\/2022\/09\/pexels-nout-gons-378570-1536x982.jpg 1536w, https:\/\/ipanemavoyages.fr\/wp-content\/uploads\/2022\/09\/pexels-nout-gons-378570-2048x1309.jpg 2048w\" sizes=\"auto, (max-width: 1024px) 100vw, 1024px\" \/><\/figure>\n<\/div>\n\n\n<div style=\"height:5px\" aria-hidden=\"true\" class=\"wp-block-spacer\"><\/div>\n\n\n\n<div class=\"wp-block-buttons is-content-justification-center is-layout-flex wp-container-core-buttons-is-layout-16018d1d wp-block-buttons-is-layout-flex\">\n<div class=\"wp-block-button\"><a class=\"wp-block-button__link has-background wp-element-button\" href=\"http:\/\/ipanemavoyages.fr\/index.php\/amerique\/\" style=\"border-radius:50px;background-color:#9f2131\">AM\u00c9RIQUE DU NORD<\/a><\/div>\n<\/div>\n\n\n\n<div style=\"height:18px\" aria-hidden=\"true\" class=\"wp-block-spacer\"><\/div>\n\n\n\n<p class=\"has-text-align-center\">Circuit USA de l\u2019Est \u00e0 l\u2019Ouest, Canada\u2026<\/p>\n<\/div>\n\n\n\n<div class=\"wp-block-column is-layout-flow wp-block-column-is-layout-flow\"><div class=\"wp-block-image\">\n<figure class=\"aligncenter size-large is-resized\"><img loading=\"lazy\" decoding=\"async\" width=\"1024\" height=\"723\" src=\"http:\/\/ipanemavoyages.fr\/wp-content\/uploads\/2022\/09\/pexels-florencia-potter-351283-1024x723.jpg\" alt=\"\" class=\"wp-image-409\" style=\"width:322px;height:228px\" srcset=\"https:\/\/ipanemavoyages.fr\/wp-content\/uploads\/2022\/09\/pexels-florencia-potter-351283-1024x723.jpg 1024w, https:\/\/ipanemavoyages.fr\/wp-content\/uploads\/2022\/09\/pexels-florencia-potter-351283-300x212.jpg 300w, https:\/\/ipanemavoyages.fr\/wp-content\/uploads\/2022\/09\/pexels-florencia-potter-351283-768x542.jpg 768w, https:\/\/ipanemavoyages.fr\/wp-content\/uploads\/2022\/09\/pexels-florencia-potter-351283-1536x1085.jpg 1536w, https:\/\/ipanemavoyages.fr\/wp-content\/uploads\/2022\/09\/pexels-florencia-potter-351283-2048x1446.jpg 2048w\" sizes=\"auto, (max-width: 1024px) 100vw, 1024px\" \/><\/figure>\n<\/div>\n\n\n<div style=\"height:5px\" aria-hidden=\"true\" class=\"wp-block-spacer\"><\/div>\n\n\n\n<div class=\"wp-block-buttons is-content-justification-center is-layout-flex wp-container-core-buttons-is-layout-16018d1d wp-block-buttons-is-layout-flex\">\n<div class=\"wp-block-button\"><a class=\"wp-block-button__link has-background wp-element-button\" href=\"http:\/\/ipanemavoyages.fr\/index.php\/amerique-du-sud\/\" style=\"border-radius:50px;background-color:#9f2131\">AM\u00c9RIQUE DU SUD<\/a><\/div>\n<\/div>\n\n\n\n<div style=\"height:18px\" aria-hidden=\"true\" class=\"wp-block-spacer\"><\/div>\n\n\n\n<p class=\"has-text-align-center\">Argentine, \u00c9quateur, Colombie, Br\u00e9sil\u2026<\/p>\n<\/div>\n<\/div>\n\n\n\n<div class=\"wp-block-columns is-layout-flex wp-container-core-columns-is-layout-9d6595d7 wp-block-columns-is-layout-flex\">\n<div class=\"wp-block-column is-layout-flow wp-block-column-is-layout-flow\"><div class=\"wp-block-image\">\n<figure class=\"aligncenter size-large is-resized\"><img loading=\"lazy\" decoding=\"async\" width=\"1024\" height=\"683\" src=\"http:\/\/ipanemavoyages.fr\/wp-content\/uploads\/2022\/10\/pexels-berthold-grunhagen-11398673-1024x683.jpg\" alt=\"\" class=\"wp-image-690\" style=\"width:349px;height:232px\" srcset=\"https:\/\/ipanemavoyages.fr\/wp-content\/uploads\/2022\/10\/pexels-berthold-grunhagen-11398673-1024x683.jpg 1024w, https:\/\/ipanemavoyages.fr\/wp-content\/uploads\/2022\/10\/pexels-berthold-grunhagen-11398673-300x200.jpg 300w, https:\/\/ipanemavoyages.fr\/wp-content\/uploads\/2022\/10\/pexels-berthold-grunhagen-11398673-768x512.jpg 768w, https:\/\/ipanemavoyages.fr\/wp-content\/uploads\/2022\/10\/pexels-berthold-grunhagen-11398673-1536x1025.jpg 1536w, https:\/\/ipanemavoyages.fr\/wp-content\/uploads\/2022\/10\/pexels-berthold-grunhagen-11398673-2048x1366.jpg 2048w, https:\/\/ipanemavoyages.fr\/wp-content\/uploads\/2022\/10\/pexels-berthold-grunhagen-11398673-930x620.jpg 930w\" sizes=\"auto, (max-width: 1024px) 100vw, 1024px\" \/><\/figure>\n<\/div>\n\n\n<div style=\"height:5px\" aria-hidden=\"true\" class=\"wp-block-spacer\"><\/div>\n\n\n\n<div class=\"wp-block-buttons is-content-justification-center is-layout-flex wp-container-core-buttons-is-layout-16018d1d wp-block-buttons-is-layout-flex\">\n<div class=\"wp-block-button\"><a class=\"wp-block-button__link has-background wp-element-button\" href=\"http:\/\/ipanemavoyages.fr\/index.php\/amerique-centrale\/\" style=\"border-radius:50px;background-color:#9f2131\">AMERIQUE CENTRALE<\/a><\/div>\n<\/div>\n\n\n\n<p class=\"has-text-align-center\">Guatemala, Mexique<\/p>\n<\/div>\n\n\n\n<div class=\"wp-block-column is-layout-flow wp-block-column-is-layout-flow\"><div class=\"wp-block-image\">\n<figure class=\"aligncenter size-large is-resized\"><img loading=\"lazy\" decoding=\"async\" width=\"1024\" height=\"683\" src=\"http:\/\/ipanemavoyages.fr\/wp-content\/uploads\/2022\/09\/pexels-zhu-peng-734102-1024x683.jpg\" alt=\"\" class=\"wp-image-407\" style=\"width:343px;height:228px\" srcset=\"https:\/\/ipanemavoyages.fr\/wp-content\/uploads\/2022\/09\/pexels-zhu-peng-734102-1024x683.jpg 1024w, https:\/\/ipanemavoyages.fr\/wp-content\/uploads\/2022\/09\/pexels-zhu-peng-734102-300x200.jpg 300w, https:\/\/ipanemavoyages.fr\/wp-content\/uploads\/2022\/09\/pexels-zhu-peng-734102-768x512.jpg 768w, https:\/\/ipanemavoyages.fr\/wp-content\/uploads\/2022\/09\/pexels-zhu-peng-734102-1536x1024.jpg 1536w, https:\/\/ipanemavoyages.fr\/wp-content\/uploads\/2022\/09\/pexels-zhu-peng-734102-2048x1365.jpg 2048w, https:\/\/ipanemavoyages.fr\/wp-content\/uploads\/2022\/09\/pexels-zhu-peng-734102-930x620.jpg 930w\" sizes=\"auto, (max-width: 1024px) 100vw, 1024px\" \/><\/figure>\n<\/div>\n\n\n<div style=\"height:5px\" aria-hidden=\"true\" class=\"wp-block-spacer\"><\/div>\n\n\n\n<div class=\"wp-block-buttons is-content-justification-center is-layout-flex wp-container-core-buttons-is-layout-16018d1d wp-block-buttons-is-layout-flex\">\n<div class=\"wp-block-button\"><a class=\"wp-block-button__link has-background wp-element-button\" href=\"http:\/\/ipanemavoyages.fr\/index.php\/asie\/\" style=\"border-radius:50px;background-color:#9f2131\">ASIE<\/a><\/div>\n<\/div>\n\n\n\n<p class=\"has-text-align-center\">Le Cambodge, le Vietnam, le Laos, le Myanmar, l\u2019Inde, l\u2019Indon\u00e9sie, la Thailande, l\u2019Iran et l\u2019Ouzbekistan, le Sultanat d\u2019Oman, les Emirats Arabes Unis, Duba\u00ef<\/p>\n<\/div>\n<\/div>\n\n\n\n<p><\/p>\n","protected":false},"excerpt":{"rendered":"<p>S\u00e9jours et circuits en Provence et en Alsace L\u2019Allemagne, l\u2019Autriche, l\u2019Espagne, la Hongrie l\u2019Italie, Malte, la Norv\u00e8ge, la Pologne, les Pays Baltes, la R\u00e9publique Tch\u00e8que, le Portugal&#8230; L\u2019Afrique du Sud, Madagascar, Maroc, Egypte\u2026. Circuit USA de l\u2019Est \u00e0 l\u2019Ouest, Canada\u2026 Argentine, \u00c9quateur, Colombie, Br\u00e9sil\u2026 Guatemala, Mexique Le Cambodge, le Vietnam, le Laos, le Myanmar, l\u2019Inde,&hellip;&nbsp;<a href=\"https:\/\/ipanemavoyages.fr\/index.php\/nos-destinations-programmees\/\" class=\"\" rel=\"bookmark\">Lire la suite &raquo;<span class=\"screen-reader-text\">Nos destinations programm\u00e9es<\/span><\/a><\/p>\n","protected":false},"author":1,"featured_media":0,"parent":0,"menu_order":0,"comment_status":"closed","ping_status":"closed","template":"","meta":{"neve_meta_sidebar":"full-width","neve_meta_container":"","neve_meta_enable_content_width":"on","neve_meta_content_width":100,"neve_meta_title_alignment":"","neve_meta_author_avatar":"","neve_post_elements_order":"","neve_meta_disable_header":"","neve_meta_disable_footer":"","neve_meta_disable_title":"on","footnotes":""},"class_list":["post-69","page","type-page","status-publish","hentry"],"_links":{"self":[{"href":"https:\/\/ipanemavoyages.fr\/index.php\/wp-json\/wp\/v2\/pages\/69","targetHints":{"allow":["GET"]}}],"collection":[{"href":"https:\/\/ipanemavoyages.fr\/index.php\/wp-json\/wp\/v2\/pages"}],"about":[{"href":"https:\/\/ipanemavoyages.fr\/index.php\/wp-json\/wp\/v2\/types\/page"}],"author":[{"embeddable":true,"href":"https:\/\/ipanemavoyages.fr\/index.php\/wp-json\/wp\/v2\/users\/1"}],"replies":[{"embeddable":true,"href":"https:\/\/ipanemavoyages.fr\/index.php\/wp-json\/wp\/v2\/comments?post=69"}],"version-history":[{"count":13,"href":"https:\/\/ipanemavoyages.fr\/index.php\/wp-json\/wp\/v2\/pages\/69\/revisions"}],"predecessor-version":[{"id":794,"href":"https:\/\/ipanemavoyages.fr\/index.php\/wp-json\/wp\/v2\/pages\/69\/revisions\/794"}],"wp:attachment":[{"href":"https:\/\/ipanemavoyages.fr\/index.php\/wp-json\/wp\/v2\/media?parent=69"}],"curies":[{"name":"wp","href":"https:\/\/api.w.org\/{rel}","templated":true}]}}