{"id":663,"date":"2022-10-04T19:46:54","date_gmt":"2022-10-04T17:46:54","guid":{"rendered":"http:\/\/ipanemavoyages.fr\/?page_id=663"},"modified":"2025-09-01T11:25:23","modified_gmt":"2025-09-01T09:25:23","slug":"amerique-du-sud","status":"publish","type":"page","link":"https:\/\/ipanemavoyages.fr\/index.php\/amerique-du-sud\/","title":{"rendered":"Am\u00e9rique du Sud"},"content":{"rendered":"\n<h2 class=\"wp-block-heading\">COLOMBIE<\/h2>\n\n\n\n<div class=\"wp-block-columns is-layout-flex wp-container-core-columns-is-layout-9d6595d7 wp-block-columns-is-layout-flex\">\n<div class=\"wp-block-column is-vertically-aligned-center is-layout-flow wp-block-column-is-layout-flow\" style=\"flex-basis:33.33%\">\n<p>De la douce et mythique Carthag\u00e8ne au d\u00e9sert de Tatacoa qui ravira les amoureux d\u2019une nature authentique, De Neiva \u00e0 Popayan en passant par San Augustin, la Colombie s\u2019ouvre aux voyageurs \u00e9pris de libert\u00e9 et avide de d\u00e9couvrir de nouveaux territoires.<\/p>\n\n\n\n<ul class=\"wp-block-list\"><li>Circuits en 12 jours<\/li><li>Programmes et tarifs sur demande<\/li><\/ul>\n<\/div>\n\n\n\n<div class=\"wp-block-column is-layout-flow wp-block-column-is-layout-flow\" style=\"flex-basis:66.66%\">\n<figure class=\"wp-block-image size-large is-resized\"><img loading=\"lazy\" decoding=\"async\" src=\"http:\/\/ipanemavoyages.fr\/wp-content\/uploads\/2022\/10\/pexels-enrique-hoyos-8264573-1024x820.jpg\" alt=\"\" class=\"wp-image-665\" width=\"775\" height=\"620\" srcset=\"https:\/\/ipanemavoyages.fr\/wp-content\/uploads\/2022\/10\/pexels-enrique-hoyos-8264573-1024x820.jpg 1024w, https:\/\/ipanemavoyages.fr\/wp-content\/uploads\/2022\/10\/pexels-enrique-hoyos-8264573-300x240.jpg 300w, https:\/\/ipanemavoyages.fr\/wp-content\/uploads\/2022\/10\/pexels-enrique-hoyos-8264573-768x615.jpg 768w, https:\/\/ipanemavoyages.fr\/wp-content\/uploads\/2022\/10\/pexels-enrique-hoyos-8264573-1536x1231.jpg 1536w, https:\/\/ipanemavoyages.fr\/wp-content\/uploads\/2022\/10\/pexels-enrique-hoyos-8264573-2048x1641.jpg 2048w\" sizes=\"auto, (max-width: 775px) 100vw, 775px\" \/><\/figure>\n<\/div>\n<\/div>\n\n\n\n<div style=\"height:20px\" aria-hidden=\"true\" class=\"wp-block-spacer\"><\/div>\n\n\n\n<h2 class=\"wp-block-heading\">P\u00c9ROU<\/h2>\n\n\n\n<div class=\"wp-block-columns is-layout-flex wp-container-core-columns-is-layout-9d6595d7 wp-block-columns-is-layout-flex\">\n<div class=\"wp-block-column is-layout-flow wp-block-column-is-layout-flow\" style=\"flex-basis:66.66%\">\n<figure class=\"wp-block-image size-large\"><img loading=\"lazy\" decoding=\"async\" width=\"1024\" height=\"683\" src=\"http:\/\/ipanemavoyages.fr\/wp-content\/uploads\/2022\/10\/pexels-errin-casano-2356045-1024x683.jpg\" alt=\"\" class=\"wp-image-666\" srcset=\"https:\/\/ipanemavoyages.fr\/wp-content\/uploads\/2022\/10\/pexels-errin-casano-2356045-1024x683.jpg 1024w, https:\/\/ipanemavoyages.fr\/wp-content\/uploads\/2022\/10\/pexels-errin-casano-2356045-300x200.jpg 300w, https:\/\/ipanemavoyages.fr\/wp-content\/uploads\/2022\/10\/pexels-errin-casano-2356045-768x512.jpg 768w, https:\/\/ipanemavoyages.fr\/wp-content\/uploads\/2022\/10\/pexels-errin-casano-2356045-1536x1024.jpg 1536w, https:\/\/ipanemavoyages.fr\/wp-content\/uploads\/2022\/10\/pexels-errin-casano-2356045-2048x1365.jpg 2048w, https:\/\/ipanemavoyages.fr\/wp-content\/uploads\/2022\/10\/pexels-errin-casano-2356045-930x620.jpg 930w\" sizes=\"auto, (max-width: 1024px) 100vw, 1024px\" \/><\/figure>\n<\/div>\n\n\n\n<div class=\"wp-block-column is-vertically-aligned-center is-layout-flow wp-block-column-is-layout-flow\" style=\"flex-basis:33.33%\">\n<p>Le P\u00e9rou est probablement l\u2019un des pays d\u2019Am\u00e9rique du Sud qui regroupe en son sein une telle diversit\u00e9 culturelle. Les peuples premiers (Jivaros, Uros, Quechua) vivent en parfaite harmonie avec les descendants des colons espagnols. Le P\u00e9rou c\u2019est aussi des sites mondialement connus\u00a0: Les lignes de Nazca, le Machu Pichu, le lac Titicaca mais aussi des villes coloniales de toute beaut\u00e9 (Lima, Arequipa, Cuzco) et des sites naturels grandioses comme le Canyon de Colca.<\/p>\n\n\n\n<ul class=\"wp-block-list\"><li>Circuits en 12 et 15 jours<\/li><li>Programmes et tarifs sur demande<\/li><\/ul>\n<\/div>\n<\/div>\n\n\n\n<div style=\"height:24px\" aria-hidden=\"true\" class=\"wp-block-spacer\"><\/div>\n\n\n\n<h2 class=\"wp-block-heading\">\u00c9QUATEUR<\/h2>\n\n\n\n<div class=\"wp-block-columns is-layout-flex wp-container-core-columns-is-layout-9d6595d7 wp-block-columns-is-layout-flex\">\n<div class=\"wp-block-column is-vertically-aligned-center is-layout-flow wp-block-column-is-layout-flow\" style=\"flex-basis:33.33%\">\n<p>Quito, Mitad del mundo (ligne equinoxiale), Otavalo, Peguche, Cotacachi, Papallacta, Amazonie et All\u00e9e des cascades, banos, salasaca, Quilotoa, Salcedo, rio bamba, Train des andes, Cuenca, Guayaquil<\/p>\n\n\n\n<ul class=\"wp-block-list\"><li>Circuits en 12 jours<\/li><li>Programmes et tarifs sur demande<\/li><\/ul>\n<\/div>\n\n\n\n<div class=\"wp-block-column is-layout-flow wp-block-column-is-layout-flow\" style=\"flex-basis:66.66%\">\n<figure class=\"wp-block-image size-large\"><img loading=\"lazy\" decoding=\"async\" width=\"1024\" height=\"683\" src=\"http:\/\/ipanemavoyages.fr\/wp-content\/uploads\/2022\/10\/pexels-tommaso-picone-10924910-1024x683.jpg\" alt=\"\" class=\"wp-image-668\" srcset=\"https:\/\/ipanemavoyages.fr\/wp-content\/uploads\/2022\/10\/pexels-tommaso-picone-10924910-1024x683.jpg 1024w, https:\/\/ipanemavoyages.fr\/wp-content\/uploads\/2022\/10\/pexels-tommaso-picone-10924910-300x200.jpg 300w, https:\/\/ipanemavoyages.fr\/wp-content\/uploads\/2022\/10\/pexels-tommaso-picone-10924910-768x512.jpg 768w, https:\/\/ipanemavoyages.fr\/wp-content\/uploads\/2022\/10\/pexels-tommaso-picone-10924910-1536x1024.jpg 1536w, https:\/\/ipanemavoyages.fr\/wp-content\/uploads\/2022\/10\/pexels-tommaso-picone-10924910-2048x1365.jpg 2048w, https:\/\/ipanemavoyages.fr\/wp-content\/uploads\/2022\/10\/pexels-tommaso-picone-10924910-930x620.jpg 930w\" sizes=\"auto, (max-width: 1024px) 100vw, 1024px\" \/><\/figure>\n<\/div>\n<\/div>\n\n\n\n<div style=\"height:26px\" aria-hidden=\"true\" class=\"wp-block-spacer\"><\/div>\n\n\n\n<h2 class=\"wp-block-heading\">BR\u00c9SIL<\/h2>\n\n\n\n<div class=\"wp-block-columns is-layout-flex wp-container-core-columns-is-layout-9d6595d7 wp-block-columns-is-layout-flex\">\n<div class=\"wp-block-column is-layout-flow wp-block-column-is-layout-flow\" style=\"flex-basis:66.66%\">\n<figure class=\"wp-block-image size-large\"><img loading=\"lazy\" decoding=\"async\" width=\"1024\" height=\"491\" src=\"http:\/\/ipanemavoyages.fr\/wp-content\/uploads\/2022\/10\/pexels-pixabay-161212-1024x491.jpg\" alt=\"\" class=\"wp-image-669\" srcset=\"https:\/\/ipanemavoyages.fr\/wp-content\/uploads\/2022\/10\/pexels-pixabay-161212-1024x491.jpg 1024w, https:\/\/ipanemavoyages.fr\/wp-content\/uploads\/2022\/10\/pexels-pixabay-161212-300x144.jpg 300w, https:\/\/ipanemavoyages.fr\/wp-content\/uploads\/2022\/10\/pexels-pixabay-161212-768x368.jpg 768w, https:\/\/ipanemavoyages.fr\/wp-content\/uploads\/2022\/10\/pexels-pixabay-161212-1536x737.jpg 1536w, https:\/\/ipanemavoyages.fr\/wp-content\/uploads\/2022\/10\/pexels-pixabay-161212-2048x983.jpg 2048w\" sizes=\"auto, (max-width: 1024px) 100vw, 1024px\" \/><\/figure>\n<\/div>\n\n\n\n<div class=\"wp-block-column is-vertically-aligned-center is-layout-flow wp-block-column-is-layout-flow\" style=\"flex-basis:33.33%\">\n<p>Pays du Carnaval et de la Samba, le Br\u00e9sil est un pays immense qui rec\u00e8le de joyaux inestimables\u00a0: for\u00eat amazonienne, paysages sauvages uniques au monde, villes coloniales hautes en couleurs, mer azur et plages de sable fin. Le Br\u00e9sil a tant \u00e0 donner au voyageur en qu\u00eate de d\u00e9couverte.<\/p>\n\n\n\n<ul class=\"wp-block-list\"><li>Circuits en 10, 12 et 15 jours<\/li><li>Programmes et tarifs sur demande<\/li><\/ul>\n<\/div>\n<\/div>\n\n\n\n<div style=\"height:27px\" aria-hidden=\"true\" class=\"wp-block-spacer\"><\/div>\n\n\n\n<h2 class=\"wp-block-heading\">ARGENTINE<\/h2>\n\n\n\n<div class=\"wp-block-columns is-layout-flex wp-container-core-columns-is-layout-9d6595d7 wp-block-columns-is-layout-flex\">\n<div class=\"wp-block-column is-vertically-aligned-center is-layout-flow wp-block-column-is-layout-flow\" style=\"flex-basis:33.33%\">\n<p>Un pays continent aux contrastes saisissants avec au Nord les montagnes andines aux paysages escarp\u00e9s, la Patagonie et ses merveilleux glaciers au Sud et la Pampa terre des gauchos en son centre. Une terre merveilleuse \u00e0 arpenter sans mod\u00e9ration\u00a0!<\/p>\n\n\n\n<ul class=\"wp-block-list\"><li>Circuits en 12 et 15 jours<\/li><li>Programmes et tarifs sur demande<\/li><\/ul>\n<\/div>\n\n\n\n<div class=\"wp-block-column is-layout-flow wp-block-column-is-layout-flow\" style=\"flex-basis:66.66%\">\n<figure class=\"wp-block-image size-large\"><img loading=\"lazy\" decoding=\"async\" width=\"1024\" height=\"683\" src=\"http:\/\/ipanemavoyages.fr\/wp-content\/uploads\/2022\/10\/pexels-mati-mango-12499889-1024x683.jpg\" alt=\"\" class=\"wp-image-671\" srcset=\"https:\/\/ipanemavoyages.fr\/wp-content\/uploads\/2022\/10\/pexels-mati-mango-12499889-1024x683.jpg 1024w, https:\/\/ipanemavoyages.fr\/wp-content\/uploads\/2022\/10\/pexels-mati-mango-12499889-300x200.jpg 300w, https:\/\/ipanemavoyages.fr\/wp-content\/uploads\/2022\/10\/pexels-mati-mango-12499889-768x512.jpg 768w, https:\/\/ipanemavoyages.fr\/wp-content\/uploads\/2022\/10\/pexels-mati-mango-12499889-1536x1024.jpg 1536w, https:\/\/ipanemavoyages.fr\/wp-content\/uploads\/2022\/10\/pexels-mati-mango-12499889-2048x1365.jpg 2048w, https:\/\/ipanemavoyages.fr\/wp-content\/uploads\/2022\/10\/pexels-mati-mango-12499889-930x620.jpg 930w\" sizes=\"auto, (max-width: 1024px) 100vw, 1024px\" \/><\/figure>\n<\/div>\n<\/div>\n","protected":false},"excerpt":{"rendered":"<p>COLOMBIE De la douce et mythique Carthag\u00e8ne au d\u00e9sert de Tatacoa qui ravira les amoureux d\u2019une nature authentique, De Neiva \u00e0 Popayan en passant par San Augustin, la Colombie s\u2019ouvre aux voyageurs \u00e9pris de libert\u00e9 et avide de d\u00e9couvrir de nouveaux territoires. Circuits en 12 jours Programmes et tarifs sur demande P\u00c9ROU Le P\u00e9rou est&hellip;&nbsp;<a href=\"https:\/\/ipanemavoyages.fr\/index.php\/amerique-du-sud\/\" class=\"\" rel=\"bookmark\">Lire la suite &raquo;<span class=\"screen-reader-text\">Am\u00e9rique du Sud<\/span><\/a><\/p>\n","protected":false},"author":1,"featured_media":0,"parent":0,"menu_order":0,"comment_status":"closed","ping_status":"closed","template":"","meta":{"neve_meta_sidebar":"","neve_meta_container":"","neve_meta_enable_content_width":"","neve_meta_content_width":0,"neve_meta_title_alignment":"","neve_meta_author_avatar":"","neve_post_elements_order":"","neve_meta_disable_header":"","neve_meta_disable_footer":"","neve_meta_disable_title":"","footnotes":""},"class_list":["post-663","page","type-page","status-publish","hentry"],"_links":{"self":[{"href":"https:\/\/ipanemavoyages.fr\/index.php\/wp-json\/wp\/v2\/pages\/663","targetHints":{"allow":["GET"]}}],"collection":[{"href":"https:\/\/ipanemavoyages.fr\/index.php\/wp-json\/wp\/v2\/pages"}],"about":[{"href":"https:\/\/ipanemavoyages.fr\/index.php\/wp-json\/wp\/v2\/types\/page"}],"author":[{"embeddable":true,"href":"https:\/\/ipanemavoyages.fr\/index.php\/wp-json\/wp\/v2\/users\/1"}],"replies":[{"embeddable":true,"href":"https:\/\/ipanemavoyages.fr\/index.php\/wp-json\/wp\/v2\/comments?post=663"}],"version-history":[{"count":1,"href":"https:\/\/ipanemavoyages.fr\/index.php\/wp-json\/wp\/v2\/pages\/663\/revisions"}],"predecessor-version":[{"id":672,"href":"https:\/\/ipanemavoyages.fr\/index.php\/wp-json\/wp\/v2\/pages\/663\/revisions\/672"}],"wp:attachment":[{"href":"https:\/\/ipanemavoyages.fr\/index.php\/wp-json\/wp\/v2\/media?parent=663"}],"curies":[{"name":"wp","href":"https:\/\/api.w.org\/{rel}","templated":true}]}}