{"id":61,"date":"2020-01-23T18:21:52","date_gmt":"2020-01-23T18:21:52","guid":{"rendered":"https:\/\/demosites.io\/web-agency-gb\/?page_id=61"},"modified":"2025-08-29T13:31:06","modified_gmt":"2025-08-29T11:31:06","slug":"15c42-web-agency-gb-about-us","status":"publish","type":"page","link":"https:\/\/ipanemavoyages.fr\/index.php\/15c42-web-agency-gb-about-us\/","title":{"rendered":"\u00c0 propos de nous"},"content":{"rendered":"\n<div class=\"wp-block-cover alignfull\" style=\"min-height:300px;aspect-ratio:unset;\"><img decoding=\"async\" class=\"wp-block-cover__image-background wp-image-380\" alt=\"\" src=\"http:\/\/ipanemavoyages.fr\/wp-content\/uploads\/2022\/09\/pexels-arthouse-studio-4338093.jpg\" data-object-fit=\"cover\"\/><span aria-hidden=\"true\" class=\"wp-block-cover__background has-nv-dark-bg-background-color has-background-dim-60 has-background-dim\"><\/span><div class=\"wp-block-cover__inner-container is-layout-flow wp-block-cover-is-layout-flow\">\n<div class=\"wp-block-group\"><div class=\"wp-block-group__inner-container is-layout-flow wp-block-group-is-layout-flow\">\n<h2 class=\"wp-block-heading alignwide has-text-align-center has-nv-site-bg-color has-text-color\">\u00c0 propos de nous<\/h2>\n<\/div><\/div>\n<\/div><\/div>\n\n\n\n<div style=\"height:48px\" aria-hidden=\"true\" class=\"wp-block-spacer\"><\/div>\n\n\n\n<div class=\"wp-block-columns are-vertically-aligned-center is-layout-flex wp-container-core-columns-is-layout-9d6595d7 wp-block-columns-is-layout-flex\">\n<div class=\"wp-block-column is-vertically-aligned-center is-layout-flow wp-block-column-is-layout-flow\">\n<h1 class=\"wp-block-heading\">Notre histoire<\/h1>\n<\/div>\n\n\n\n<div class=\"wp-block-column is-vertically-aligned-center is-layout-flow wp-block-column-is-layout-flow\">\n<p><strong>IPANEMA VOYAGES<\/strong>&nbsp;est une agence sp\u00e9cialis\u00e9e dans le tourisme de groupe sur plus de 30 destinations dans le monde mais aussi dans l\u2019organisation de congr\u00e8s et s\u00e9minaires en France comme \u00e0 l\u2019\u00e9tranger.<\/p>\n\n\n\n<p>Depuis le plus simple week-end en France jusqu\u2019au plus long circuit \u00e0 l\u2019autre bout de la plan\u00e8te,&nbsp;<strong>IPANEMA VOYAGES<\/strong>&nbsp;vous concocte un voyage sur mesure correspondant \u00e0 vos go\u00fbts et \u00e0 vos attentes.<\/p>\n\n\n\n<p>Soucieux de la qualit\u00e9 et de l\u2019originalit\u00e9 de nos s\u00e9jours, circuits, congr\u00e8s et s\u00e9minaires, notre petite \u00e9quipe de professionnels travaille avec des prestataires locaux ayant la m\u00eame philosophie des voyages que nous.<\/p>\n\n\n\n<p>Vous satisfaire est notre pr\u00e9occupation essentielle. N\u2019h\u00e9sitez pas \u00e0 nous contacter par mail : &nbsp;<em><strong>info@ipanemavoyages.fr<\/strong><\/em>&nbsp; afin de nous confier votre projet.<\/p>\n\n\n\n<p>A bient\u00f4t&nbsp;!<\/p>\n\n\n\n<p>IPANEMA VOYAGES<\/p>\n<\/div>\n\n\n\n<div class=\"wp-block-column is-vertically-aligned-center is-layout-flow wp-block-column-is-layout-flow\"><div class=\"wp-block-image\">\n<figure class=\"aligncenter size-full is-resized\"><img loading=\"lazy\" decoding=\"async\" width=\"544\" height=\"572\" src=\"http:\/\/ipanemavoyages.fr\/wp-content\/uploads\/2022\/09\/ipanema-photo-papa.png\" alt=\"\" class=\"wp-image-396\" style=\"width:198px;height:auto\" srcset=\"https:\/\/ipanemavoyages.fr\/wp-content\/uploads\/2022\/09\/ipanema-photo-papa.png 544w, https:\/\/ipanemavoyages.fr\/wp-content\/uploads\/2022\/09\/ipanema-photo-papa-285x300.png 285w\" sizes=\"auto, (max-width: 544px) 100vw, 544px\" \/><\/figure>\n<\/div><\/div>\n<\/div>\n\n\n\n<div style=\"height:39px\" aria-hidden=\"true\" class=\"wp-block-spacer\"><\/div>\n\n\n\n<div class=\"wp-block-cover alignfull\" style=\"min-height:243px;aspect-ratio:unset;\"><img loading=\"lazy\" decoding=\"async\" width=\"2560\" height=\"1707\" class=\"wp-block-cover__image-background wp-image-444\" alt=\"\" src=\"http:\/\/ipanemavoyages.fr\/wp-content\/uploads\/2022\/09\/pexels-heiner-217250-scaled.jpg\" data-object-fit=\"cover\" srcset=\"https:\/\/ipanemavoyages.fr\/wp-content\/uploads\/2022\/09\/pexels-heiner-217250-scaled.jpg 2560w, https:\/\/ipanemavoyages.fr\/wp-content\/uploads\/2022\/09\/pexels-heiner-217250-300x200.jpg 300w, https:\/\/ipanemavoyages.fr\/wp-content\/uploads\/2022\/09\/pexels-heiner-217250-1024x683.jpg 1024w, https:\/\/ipanemavoyages.fr\/wp-content\/uploads\/2022\/09\/pexels-heiner-217250-768x512.jpg 768w, https:\/\/ipanemavoyages.fr\/wp-content\/uploads\/2022\/09\/pexels-heiner-217250-1536x1024.jpg 1536w, https:\/\/ipanemavoyages.fr\/wp-content\/uploads\/2022\/09\/pexels-heiner-217250-2048x1365.jpg 2048w, https:\/\/ipanemavoyages.fr\/wp-content\/uploads\/2022\/09\/pexels-heiner-217250-930x620.jpg 930w\" sizes=\"auto, (max-width: 2560px) 100vw, 2560px\" \/><span aria-hidden=\"true\" class=\"wp-block-cover__background has-background-dim-60 has-background-dim\"><\/span><div class=\"wp-block-cover__inner-container is-layout-flow wp-block-cover-is-layout-flow\">\n<p class=\"has-text-align-center has-nv-site-bg-color has-text-color has-link-color has-large-font-size wp-elements-3c04b50309685a76426b20a012f15f33\">Nous contacter<\/p>\n\n\n\n<div class=\"wp-block-buttons is-content-justification-center is-layout-flex wp-container-core-buttons-is-layout-16018d1d wp-block-buttons-is-layout-flex\">\n<div class=\"wp-block-button\"><a class=\"wp-block-button__link has-background wp-element-button\" href=\"http:\/\/ipanemavoyages.fr\/index.php\/contact\/\" style=\"border-radius:50px;background-color:#9f1212\">CLIQUEZ ICI<\/a><\/div>\n<\/div>\n<\/div><\/div>\n","protected":false},"excerpt":{"rendered":"<p>Notre histoire IPANEMA VOYAGES&nbsp;est une agence sp\u00e9cialis\u00e9e dans le tourisme de groupe sur plus de 30 destinations dans le monde mais aussi dans l\u2019organisation de congr\u00e8s et s\u00e9minaires en France comme \u00e0 l\u2019\u00e9tranger. Depuis le plus simple week-end en France jusqu\u2019au plus long circuit \u00e0 l\u2019autre bout de la plan\u00e8te,&nbsp;IPANEMA VOYAGES&nbsp;vous concocte un voyage sur&hellip;&nbsp;<a href=\"https:\/\/ipanemavoyages.fr\/index.php\/15c42-web-agency-gb-about-us\/\" class=\"\" rel=\"bookmark\">Lire la suite &raquo;<span class=\"screen-reader-text\">\u00c0 propos de nous<\/span><\/a><\/p>\n","protected":false},"author":1,"featured_media":0,"parent":0,"menu_order":0,"comment_status":"closed","ping_status":"closed","template":"","meta":{"neve_meta_sidebar":"default","neve_meta_container":"default","neve_meta_enable_content_width":"on","neve_meta_content_width":100,"neve_meta_title_alignment":"","neve_meta_author_avatar":"","neve_post_elements_order":"","neve_meta_disable_header":"","neve_meta_disable_footer":"","neve_meta_disable_title":"on","footnotes":""},"class_list":["post-61","page","type-page","status-publish","hentry"],"_links":{"self":[{"href":"https:\/\/ipanemavoyages.fr\/index.php\/wp-json\/wp\/v2\/pages\/61","targetHints":{"allow":["GET"]}}],"collection":[{"href":"https:\/\/ipanemavoyages.fr\/index.php\/wp-json\/wp\/v2\/pages"}],"about":[{"href":"https:\/\/ipanemavoyages.fr\/index.php\/wp-json\/wp\/v2\/types\/page"}],"author":[{"embeddable":true,"href":"https:\/\/ipanemavoyages.fr\/index.php\/wp-json\/wp\/v2\/users\/1"}],"replies":[{"embeddable":true,"href":"https:\/\/ipanemavoyages.fr\/index.php\/wp-json\/wp\/v2\/comments?post=61"}],"version-history":[{"count":20,"href":"https:\/\/ipanemavoyages.fr\/index.php\/wp-json\/wp\/v2\/pages\/61\/revisions"}],"predecessor-version":[{"id":790,"href":"https:\/\/ipanemavoyages.fr\/index.php\/wp-json\/wp\/v2\/pages\/61\/revisions\/790"}],"wp:attachment":[{"href":"https:\/\/ipanemavoyages.fr\/index.php\/wp-json\/wp\/v2\/media?parent=61"}],"curies":[{"name":"wp","href":"https:\/\/api.w.org\/{rel}","templated":true}]}}