{"id":551,"date":"2022-09-29T21:05:13","date_gmt":"2022-09-29T19:05:13","guid":{"rendered":"http:\/\/ipanemavoyages.fr\/?page_id=551"},"modified":"2025-09-01T11:26:12","modified_gmt":"2025-09-01T09:26:12","slug":"amerique","status":"publish","type":"page","link":"https:\/\/ipanemavoyages.fr\/index.php\/amerique\/","title":{"rendered":"Am\u00e9rique du Nord"},"content":{"rendered":"\n<h2 class=\"wp-block-heading\">OUEST AM\u00c9RICAIN<\/h2>\n\n\n\n<div class=\"wp-block-columns is-layout-flex wp-container-core-columns-is-layout-9d6595d7 wp-block-columns-is-layout-flex\">\n<div class=\"wp-block-column is-layout-flow wp-block-column-is-layout-flow\" style=\"flex-basis:33.33%\">\n<p class=\"has-medium-font-size\">Retracez la conqu\u00eate de l\u2019ouest de Los Angeles \u00e0 San Francisco. Admirez les couleurs ocres du Grand Canyon, la magie du lac Powell et la richesse de la flore des parc nationaux et leurs sequoias g\u00e9ants, l\u2019incontournable Monument Valley, les plus grands casinos de Las Vegas, Los Angeles et Hollywood Boulevard au pied des montagnes de Santa Monica.<\/p>\n\n\n\n<p class=\"has-medium-font-size\">Un combin\u00e9 de nature et paillettes dans un circuit d\u00e9couverte de l\u2019ouest am\u00e9ricain qui promet de marquer les esprits.<\/p>\n\n\n\n<ul class=\"has-medium-font-size wp-block-list\"><li>Circuits en 10, 12 et 15 jours<\/li><li>Programmes et tarifs sur demande<\/li><\/ul>\n<\/div>\n\n\n\n<div class=\"wp-block-column is-layout-flow wp-block-column-is-layout-flow\" style=\"flex-basis:66.66%\">\n<figure class=\"wp-block-gallery has-nested-images columns-default is-cropped wp-block-gallery-1 is-layout-flex wp-block-gallery-is-layout-flex\">\n<figure class=\"wp-block-image size-large\"><img loading=\"lazy\" decoding=\"async\" width=\"1024\" height=\"659\" data-id=\"552\" src=\"http:\/\/ipanemavoyages.fr\/wp-content\/uploads\/2022\/09\/pexels-quintin-gellar-844167-1024x659.jpg\" alt=\"\" class=\"wp-image-552\" srcset=\"https:\/\/ipanemavoyages.fr\/wp-content\/uploads\/2022\/09\/pexels-quintin-gellar-844167-1024x659.jpg 1024w, https:\/\/ipanemavoyages.fr\/wp-content\/uploads\/2022\/09\/pexels-quintin-gellar-844167-300x193.jpg 300w, https:\/\/ipanemavoyages.fr\/wp-content\/uploads\/2022\/09\/pexels-quintin-gellar-844167-768x494.jpg 768w, https:\/\/ipanemavoyages.fr\/wp-content\/uploads\/2022\/09\/pexels-quintin-gellar-844167-1536x989.jpg 1536w, https:\/\/ipanemavoyages.fr\/wp-content\/uploads\/2022\/09\/pexels-quintin-gellar-844167-2048x1318.jpg 2048w\" sizes=\"auto, (max-width: 1024px) 100vw, 1024px\" \/><\/figure>\n\n\n\n<figure class=\"wp-block-image size-large\"><img loading=\"lazy\" decoding=\"async\" width=\"1024\" height=\"683\" data-id=\"553\" src=\"http:\/\/ipanemavoyages.fr\/wp-content\/uploads\/2022\/09\/pexels-antony-trivet-13536174-1024x683.jpg\" alt=\"\" class=\"wp-image-553\" srcset=\"https:\/\/ipanemavoyages.fr\/wp-content\/uploads\/2022\/09\/pexels-antony-trivet-13536174-1024x683.jpg 1024w, https:\/\/ipanemavoyages.fr\/wp-content\/uploads\/2022\/09\/pexels-antony-trivet-13536174-300x200.jpg 300w, https:\/\/ipanemavoyages.fr\/wp-content\/uploads\/2022\/09\/pexels-antony-trivet-13536174-768x512.jpg 768w, https:\/\/ipanemavoyages.fr\/wp-content\/uploads\/2022\/09\/pexels-antony-trivet-13536174-1536x1024.jpg 1536w\" sizes=\"auto, (max-width: 1024px) 100vw, 1024px\" \/><\/figure>\n<\/figure>\n\n\n\n<div style=\"height:13px\" aria-hidden=\"true\" class=\"wp-block-spacer\"><\/div>\n\n\n\n<figure class=\"wp-block-gallery has-nested-images columns-default is-cropped wp-block-gallery-2 is-layout-flex wp-block-gallery-is-layout-flex\">\n<figure class=\"wp-block-image size-large\"><img loading=\"lazy\" decoding=\"async\" width=\"1024\" height=\"678\" data-id=\"556\" src=\"http:\/\/ipanemavoyages.fr\/wp-content\/uploads\/2022\/09\/pexels-pixabay-208745-1-1024x678.jpg\" alt=\"\" class=\"wp-image-556\" srcset=\"https:\/\/ipanemavoyages.fr\/wp-content\/uploads\/2022\/09\/pexels-pixabay-208745-1-1024x678.jpg 1024w, https:\/\/ipanemavoyages.fr\/wp-content\/uploads\/2022\/09\/pexels-pixabay-208745-1-300x199.jpg 300w, https:\/\/ipanemavoyages.fr\/wp-content\/uploads\/2022\/09\/pexels-pixabay-208745-1-768x509.jpg 768w, https:\/\/ipanemavoyages.fr\/wp-content\/uploads\/2022\/09\/pexels-pixabay-208745-1-1536x1018.jpg 1536w, https:\/\/ipanemavoyages.fr\/wp-content\/uploads\/2022\/09\/pexels-pixabay-208745-1-2048x1357.jpg 2048w\" sizes=\"auto, (max-width: 1024px) 100vw, 1024px\" \/><\/figure>\n\n\n\n<figure class=\"wp-block-image size-large\"><img loading=\"lazy\" decoding=\"async\" width=\"1024\" height=\"683\" data-id=\"555\" src=\"http:\/\/ipanemavoyages.fr\/wp-content\/uploads\/2022\/09\/pexels-kehn-hermano-3584437-1024x683.jpg\" alt=\"\" class=\"wp-image-555\" srcset=\"https:\/\/ipanemavoyages.fr\/wp-content\/uploads\/2022\/09\/pexels-kehn-hermano-3584437-1024x683.jpg 1024w, https:\/\/ipanemavoyages.fr\/wp-content\/uploads\/2022\/09\/pexels-kehn-hermano-3584437-300x200.jpg 300w, https:\/\/ipanemavoyages.fr\/wp-content\/uploads\/2022\/09\/pexels-kehn-hermano-3584437-768x512.jpg 768w, https:\/\/ipanemavoyages.fr\/wp-content\/uploads\/2022\/09\/pexels-kehn-hermano-3584437-1536x1024.jpg 1536w, https:\/\/ipanemavoyages.fr\/wp-content\/uploads\/2022\/09\/pexels-kehn-hermano-3584437-2048x1365.jpg 2048w, https:\/\/ipanemavoyages.fr\/wp-content\/uploads\/2022\/09\/pexels-kehn-hermano-3584437-930x620.jpg 930w\" sizes=\"auto, (max-width: 1024px) 100vw, 1024px\" \/><\/figure>\n<\/figure>\n<\/div>\n<\/div>\n\n\n\n<div style=\"height:19px\" aria-hidden=\"true\" class=\"wp-block-spacer\"><\/div>\n\n\n\n<h2 class=\"wp-block-heading\">LOUISIANE<\/h2>\n\n\n\n<p class=\"has-medium-font-size\">La Louisiane vous transporte de ses villes coloniales au bayou de Atchafalaya en passant par les rives du Mississippi sur la route des planteurs esclavagistes. D\u00e9couvrez le quartier fran\u00e7ais de la Nouvelle Orl\u00e9ans, les spectacles musical locaux, les grandes propri\u00e9t\u00e9s antebellum. Une d\u00e9couverte unique\u2026<\/p>\n\n\n\n<figure class=\"wp-block-gallery has-nested-images columns-default is-cropped wp-block-gallery-3 is-layout-flex wp-block-gallery-is-layout-flex\">\n<figure class=\"wp-block-image size-large\"><img loading=\"lazy\" decoding=\"async\" width=\"1024\" height=\"767\" data-id=\"559\" src=\"http:\/\/ipanemavoyages.fr\/wp-content\/uploads\/2022\/09\/pexels-beau-runnels-12901965-1024x767.jpg\" alt=\"\" class=\"wp-image-559\" srcset=\"https:\/\/ipanemavoyages.fr\/wp-content\/uploads\/2022\/09\/pexels-beau-runnels-12901965-1024x767.jpg 1024w, https:\/\/ipanemavoyages.fr\/wp-content\/uploads\/2022\/09\/pexels-beau-runnels-12901965-300x225.jpg 300w, https:\/\/ipanemavoyages.fr\/wp-content\/uploads\/2022\/09\/pexels-beau-runnels-12901965-768x576.jpg 768w, https:\/\/ipanemavoyages.fr\/wp-content\/uploads\/2022\/09\/pexels-beau-runnels-12901965-1536x1151.jpg 1536w, https:\/\/ipanemavoyages.fr\/wp-content\/uploads\/2022\/09\/pexels-beau-runnels-12901965-2048x1535.jpg 2048w\" sizes=\"auto, (max-width: 1024px) 100vw, 1024px\" \/><\/figure>\n\n\n\n<figure class=\"wp-block-image size-large\"><img loading=\"lazy\" decoding=\"async\" width=\"1024\" height=\"683\" data-id=\"561\" src=\"http:\/\/ipanemavoyages.fr\/wp-content\/uploads\/2022\/09\/pexels-hugo-magalhaes-9697593-1024x683.jpg\" alt=\"\" class=\"wp-image-561\" srcset=\"https:\/\/ipanemavoyages.fr\/wp-content\/uploads\/2022\/09\/pexels-hugo-magalhaes-9697593-1024x683.jpg 1024w, https:\/\/ipanemavoyages.fr\/wp-content\/uploads\/2022\/09\/pexels-hugo-magalhaes-9697593-300x200.jpg 300w, https:\/\/ipanemavoyages.fr\/wp-content\/uploads\/2022\/09\/pexels-hugo-magalhaes-9697593-768x512.jpg 768w, https:\/\/ipanemavoyages.fr\/wp-content\/uploads\/2022\/09\/pexels-hugo-magalhaes-9697593-1536x1024.jpg 1536w, https:\/\/ipanemavoyages.fr\/wp-content\/uploads\/2022\/09\/pexels-hugo-magalhaes-9697593-2048x1365.jpg 2048w, https:\/\/ipanemavoyages.fr\/wp-content\/uploads\/2022\/09\/pexels-hugo-magalhaes-9697593-930x620.jpg 930w\" sizes=\"auto, (max-width: 1024px) 100vw, 1024px\" \/><\/figure>\n\n\n\n<figure class=\"wp-block-image size-large\"><img loading=\"lazy\" decoding=\"async\" width=\"683\" height=\"1024\" data-id=\"563\" src=\"http:\/\/ipanemavoyages.fr\/wp-content\/uploads\/2022\/09\/pexels-sophia-3908304-1-683x1024.jpg\" alt=\"\" class=\"wp-image-563\" srcset=\"https:\/\/ipanemavoyages.fr\/wp-content\/uploads\/2022\/09\/pexels-sophia-3908304-1-683x1024.jpg 683w, https:\/\/ipanemavoyages.fr\/wp-content\/uploads\/2022\/09\/pexels-sophia-3908304-1-200x300.jpg 200w, https:\/\/ipanemavoyages.fr\/wp-content\/uploads\/2022\/09\/pexels-sophia-3908304-1-768x1152.jpg 768w, https:\/\/ipanemavoyages.fr\/wp-content\/uploads\/2022\/09\/pexels-sophia-3908304-1-1024x1536.jpg 1024w, https:\/\/ipanemavoyages.fr\/wp-content\/uploads\/2022\/09\/pexels-sophia-3908304-1-1365x2048.jpg 1365w, https:\/\/ipanemavoyages.fr\/wp-content\/uploads\/2022\/09\/pexels-sophia-3908304-1-scaled.jpg 1707w\" sizes=\"auto, (max-width: 683px) 100vw, 683px\" \/><\/figure>\n<\/figure>\n\n\n\n<ul class=\"has-medium-font-size wp-block-list\"><li>Circuits en 8 et 10 jours<\/li><li>Programmes et tarifs sur demande<\/li><\/ul>\n\n\n\n<div style=\"height:24px\" aria-hidden=\"true\" class=\"wp-block-spacer\"><\/div>\n\n\n\n<h2 class=\"wp-block-heading\">NEW YORK CITY<\/h2>\n\n\n\n<div class=\"wp-block-columns is-layout-flex wp-container-core-columns-is-layout-9d6595d7 wp-block-columns-is-layout-flex\">\n<div class=\"wp-block-column is-layout-flow wp-block-column-is-layout-flow\" style=\"flex-basis:66.66%\">\n<figure class=\"wp-block-gallery has-nested-images columns-default is-cropped wp-block-gallery-4 is-layout-flex wp-block-gallery-is-layout-flex\">\n<figure class=\"wp-block-image size-large\"><img loading=\"lazy\" decoding=\"async\" width=\"661\" height=\"1024\" data-id=\"576\" src=\"http:\/\/ipanemavoyages.fr\/wp-content\/uploads\/2022\/09\/pexels-daniel-bendig-887849-661x1024.jpg\" alt=\"\" class=\"wp-image-576\" srcset=\"https:\/\/ipanemavoyages.fr\/wp-content\/uploads\/2022\/09\/pexels-daniel-bendig-887849-661x1024.jpg 661w, https:\/\/ipanemavoyages.fr\/wp-content\/uploads\/2022\/09\/pexels-daniel-bendig-887849-194x300.jpg 194w, https:\/\/ipanemavoyages.fr\/wp-content\/uploads\/2022\/09\/pexels-daniel-bendig-887849-768x1190.jpg 768w, https:\/\/ipanemavoyages.fr\/wp-content\/uploads\/2022\/09\/pexels-daniel-bendig-887849-992x1536.jpg 992w, https:\/\/ipanemavoyages.fr\/wp-content\/uploads\/2022\/09\/pexels-daniel-bendig-887849-1322x2048.jpg 1322w, https:\/\/ipanemavoyages.fr\/wp-content\/uploads\/2022\/09\/pexels-daniel-bendig-887849-scaled.jpg 1653w\" sizes=\"auto, (max-width: 661px) 100vw, 661px\" \/><\/figure>\n\n\n\n<figure class=\"wp-block-image size-large\"><img loading=\"lazy\" decoding=\"async\" width=\"684\" height=\"1024\" data-id=\"565\" src=\"http:\/\/ipanemavoyages.fr\/wp-content\/uploads\/2022\/09\/pexels-luis-dalvan-1770813-684x1024.jpg\" alt=\"\" class=\"wp-image-565\" srcset=\"https:\/\/ipanemavoyages.fr\/wp-content\/uploads\/2022\/09\/pexels-luis-dalvan-1770813-684x1024.jpg 684w, https:\/\/ipanemavoyages.fr\/wp-content\/uploads\/2022\/09\/pexels-luis-dalvan-1770813-200x300.jpg 200w, https:\/\/ipanemavoyages.fr\/wp-content\/uploads\/2022\/09\/pexels-luis-dalvan-1770813-768x1150.jpg 768w, https:\/\/ipanemavoyages.fr\/wp-content\/uploads\/2022\/09\/pexels-luis-dalvan-1770813-1026x1536.jpg 1026w, https:\/\/ipanemavoyages.fr\/wp-content\/uploads\/2022\/09\/pexels-luis-dalvan-1770813-1368x2048.jpg 1368w, https:\/\/ipanemavoyages.fr\/wp-content\/uploads\/2022\/09\/pexels-luis-dalvan-1770813-scaled.jpg 1710w\" sizes=\"auto, (max-width: 684px) 100vw, 684px\" \/><\/figure>\n\n\n\n<figure class=\"wp-block-image size-large\"><img loading=\"lazy\" decoding=\"async\" width=\"1024\" height=\"683\" data-id=\"568\" src=\"http:\/\/ipanemavoyages.fr\/wp-content\/uploads\/2022\/09\/pexels-vlad-alexandru-popa-1486222-1-1024x683.jpg\" alt=\"\" class=\"wp-image-568\" srcset=\"https:\/\/ipanemavoyages.fr\/wp-content\/uploads\/2022\/09\/pexels-vlad-alexandru-popa-1486222-1-1024x683.jpg 1024w, https:\/\/ipanemavoyages.fr\/wp-content\/uploads\/2022\/09\/pexels-vlad-alexandru-popa-1486222-1-300x200.jpg 300w, https:\/\/ipanemavoyages.fr\/wp-content\/uploads\/2022\/09\/pexels-vlad-alexandru-popa-1486222-1-768x512.jpg 768w, https:\/\/ipanemavoyages.fr\/wp-content\/uploads\/2022\/09\/pexels-vlad-alexandru-popa-1486222-1-1536x1024.jpg 1536w, https:\/\/ipanemavoyages.fr\/wp-content\/uploads\/2022\/09\/pexels-vlad-alexandru-popa-1486222-1-2048x1365.jpg 2048w, https:\/\/ipanemavoyages.fr\/wp-content\/uploads\/2022\/09\/pexels-vlad-alexandru-popa-1486222-1-930x620.jpg 930w\" sizes=\"auto, (max-width: 1024px) 100vw, 1024px\" \/><\/figure>\n<\/figure>\n\n\n\n<div style=\"height:16px\" aria-hidden=\"true\" class=\"wp-block-spacer\"><\/div>\n\n\n<div class=\"wp-block-image\">\n<figure class=\"aligncenter size-large is-resized\"><img loading=\"lazy\" decoding=\"async\" src=\"http:\/\/ipanemavoyages.fr\/wp-content\/uploads\/2022\/09\/pexels-quintin-gellar-313782-1024x666.jpg\" alt=\"\" class=\"wp-image-575\" width=\"372\" height=\"241\" srcset=\"https:\/\/ipanemavoyages.fr\/wp-content\/uploads\/2022\/09\/pexels-quintin-gellar-313782-1024x666.jpg 1024w, https:\/\/ipanemavoyages.fr\/wp-content\/uploads\/2022\/09\/pexels-quintin-gellar-313782-300x195.jpg 300w, https:\/\/ipanemavoyages.fr\/wp-content\/uploads\/2022\/09\/pexels-quintin-gellar-313782-768x500.jpg 768w, https:\/\/ipanemavoyages.fr\/wp-content\/uploads\/2022\/09\/pexels-quintin-gellar-313782-1536x999.jpg 1536w, https:\/\/ipanemavoyages.fr\/wp-content\/uploads\/2022\/09\/pexels-quintin-gellar-313782-2048x1332.jpg 2048w\" sizes=\"auto, (max-width: 372px) 100vw, 372px\" \/><\/figure>\n<\/div><\/div>\n\n\n\n<div class=\"wp-block-column is-vertically-aligned-center is-layout-flow wp-block-column-is-layout-flow\" style=\"flex-basis:33.33%\">\n<p class=\"has-medium-font-size\">Partez \u00e0 la rencontre de la Grosse Pomme et de sa jungle urbaine : Harlem, Chinatown, Brooklyn. L\u2019incontournable statue de la Libert\u00e9, Ellis Island qui retrace toute l\u2019histoire de la ville .<\/p>\n\n\n\n<p class=\"has-medium-font-size\">Visitez Manhattan et Wall street au pied des imposants buildings, grimpez en haut de l\u2019Empire State Building qui offre une vue panoramique exceptionnelle sur la ville qui ne dort jamais\u2026<\/p>\n\n\n\n<ul class=\"has-medium-font-size wp-block-list\"><li>Circuits en 5, 6 et 7 jours<\/li><li>Programme et tarifs sur demande<\/li><\/ul>\n<\/div>\n<\/div>\n\n\n\n<h2 class=\"wp-block-heading\">CANADA<\/h2>\n\n\n\n<div class=\"wp-block-columns is-layout-flex wp-container-core-columns-is-layout-9d6595d7 wp-block-columns-is-layout-flex\">\n<div class=\"wp-block-column is-vertically-aligned-center is-layout-flow wp-block-column-is-layout-flow\" style=\"flex-basis:33.33%\">\n<p class=\"has-medium-font-size\">Vivez le contraste des m\u00e9tropoles et parcs naturels du Canada, passez des buildings de Toronto aux chutes du Niagara, de Montr\u00e9al au lac \u00c9douard aux rives color\u00e9es de ses \u00e9rables centenaires. Partez \u00e0 la rencontre des baleines du Saint Laurent avant de d\u00e9guster un d\u00e9licieux sirop d\u2019\u00e9rable dans une cabane \u00e0 sucre\u2026<\/p>\n\n\n\n<ul class=\"has-medium-font-size wp-block-list\"><li>Circuits en 12 et 15 jours<\/li><li>Programmes et tarifs sur demande<\/li><\/ul>\n<\/div>\n\n\n\n<div class=\"wp-block-column is-layout-flow wp-block-column-is-layout-flow\" style=\"flex-basis:66.66%\">\n<figure class=\"wp-block-gallery has-nested-images columns-default is-cropped wp-block-gallery-5 is-layout-flex wp-block-gallery-is-layout-flex\">\n<figure class=\"wp-block-image size-large\"><img loading=\"lazy\" decoding=\"async\" width=\"1024\" height=\"703\" data-id=\"579\" src=\"http:\/\/ipanemavoyages.fr\/wp-content\/uploads\/2022\/09\/pexels-jamal-yahyayev-3671394-1024x703.jpg\" alt=\"\" class=\"wp-image-579\" srcset=\"https:\/\/ipanemavoyages.fr\/wp-content\/uploads\/2022\/09\/pexels-jamal-yahyayev-3671394-1024x703.jpg 1024w, https:\/\/ipanemavoyages.fr\/wp-content\/uploads\/2022\/09\/pexels-jamal-yahyayev-3671394-300x206.jpg 300w, https:\/\/ipanemavoyages.fr\/wp-content\/uploads\/2022\/09\/pexels-jamal-yahyayev-3671394-768x527.jpg 768w, https:\/\/ipanemavoyages.fr\/wp-content\/uploads\/2022\/09\/pexels-jamal-yahyayev-3671394-1536x1054.jpg 1536w, https:\/\/ipanemavoyages.fr\/wp-content\/uploads\/2022\/09\/pexels-jamal-yahyayev-3671394-2048x1405.jpg 2048w\" sizes=\"auto, (max-width: 1024px) 100vw, 1024px\" \/><\/figure>\n\n\n\n<figure class=\"wp-block-image size-large\"><img loading=\"lazy\" decoding=\"async\" width=\"1024\" height=\"683\" data-id=\"580\" src=\"http:\/\/ipanemavoyages.fr\/wp-content\/uploads\/2022\/09\/pexels-pixabay-158398-1024x683.jpg\" alt=\"\" class=\"wp-image-580\" srcset=\"https:\/\/ipanemavoyages.fr\/wp-content\/uploads\/2022\/09\/pexels-pixabay-158398-1024x683.jpg 1024w, https:\/\/ipanemavoyages.fr\/wp-content\/uploads\/2022\/09\/pexels-pixabay-158398-300x200.jpg 300w, https:\/\/ipanemavoyages.fr\/wp-content\/uploads\/2022\/09\/pexels-pixabay-158398-768x512.jpg 768w, https:\/\/ipanemavoyages.fr\/wp-content\/uploads\/2022\/09\/pexels-pixabay-158398-1536x1024.jpg 1536w, https:\/\/ipanemavoyages.fr\/wp-content\/uploads\/2022\/09\/pexels-pixabay-158398-2048x1365.jpg 2048w, https:\/\/ipanemavoyages.fr\/wp-content\/uploads\/2022\/09\/pexels-pixabay-158398-930x620.jpg 930w\" sizes=\"auto, (max-width: 1024px) 100vw, 1024px\" \/><\/figure>\n<\/figure>\n\n\n\n<div style=\"height:9px\" aria-hidden=\"true\" class=\"wp-block-spacer\"><\/div>\n\n\n\n<figure class=\"wp-block-gallery has-nested-images columns-default is-cropped wp-block-gallery-6 is-layout-flex wp-block-gallery-is-layout-flex\">\n<figure class=\"wp-block-image size-large\"><img decoding=\"async\" data-id=\"583\" src=\"http:\/\/ipanemavoyages.fr\/wp-content\/uploads\/2022\/09\/pexels-james-wheeler-5833890-1.jpg\" alt=\"\" class=\"wp-image-583\"\/><\/figure>\n\n\n\n<figure class=\"wp-block-image size-large\"><img loading=\"lazy\" decoding=\"async\" width=\"1024\" height=\"642\" data-id=\"581\" src=\"http:\/\/ipanemavoyages.fr\/wp-content\/uploads\/2022\/09\/pexels-james-wheeler-2773578-1024x642.jpg\" alt=\"\" class=\"wp-image-581\" srcset=\"https:\/\/ipanemavoyages.fr\/wp-content\/uploads\/2022\/09\/pexels-james-wheeler-2773578-1024x642.jpg 1024w, https:\/\/ipanemavoyages.fr\/wp-content\/uploads\/2022\/09\/pexels-james-wheeler-2773578-300x188.jpg 300w, https:\/\/ipanemavoyages.fr\/wp-content\/uploads\/2022\/09\/pexels-james-wheeler-2773578-768x481.jpg 768w, https:\/\/ipanemavoyages.fr\/wp-content\/uploads\/2022\/09\/pexels-james-wheeler-2773578-1536x962.jpg 1536w, https:\/\/ipanemavoyages.fr\/wp-content\/uploads\/2022\/09\/pexels-james-wheeler-2773578-2048x1283.jpg 2048w\" sizes=\"auto, (max-width: 1024px) 100vw, 1024px\" \/><\/figure>\n<\/figure>\n<\/div>\n<\/div>\n","protected":false},"excerpt":{"rendered":"<p>OUEST AM\u00c9RICAIN Retracez la conqu\u00eate de l\u2019ouest de Los Angeles \u00e0 San Francisco. Admirez les couleurs ocres du Grand Canyon, la magie du lac Powell et la richesse de la flore des parc nationaux et leurs sequoias g\u00e9ants, l\u2019incontournable Monument Valley, les plus grands casinos de Las Vegas, Los Angeles et Hollywood Boulevard au pied&hellip;&nbsp;<a href=\"https:\/\/ipanemavoyages.fr\/index.php\/amerique\/\" class=\"\" rel=\"bookmark\">Lire la suite &raquo;<span class=\"screen-reader-text\">Am\u00e9rique du Nord<\/span><\/a><\/p>\n","protected":false},"author":1,"featured_media":0,"parent":0,"menu_order":0,"comment_status":"closed","ping_status":"closed","template":"","meta":{"neve_meta_sidebar":"","neve_meta_container":"","neve_meta_enable_content_width":"","neve_meta_content_width":0,"neve_meta_title_alignment":"","neve_meta_author_avatar":"","neve_post_elements_order":"","neve_meta_disable_header":"","neve_meta_disable_footer":"","neve_meta_disable_title":"","footnotes":""},"class_list":["post-551","page","type-page","status-publish","hentry"],"_links":{"self":[{"href":"https:\/\/ipanemavoyages.fr\/index.php\/wp-json\/wp\/v2\/pages\/551","targetHints":{"allow":["GET"]}}],"collection":[{"href":"https:\/\/ipanemavoyages.fr\/index.php\/wp-json\/wp\/v2\/pages"}],"about":[{"href":"https:\/\/ipanemavoyages.fr\/index.php\/wp-json\/wp\/v2\/types\/page"}],"author":[{"embeddable":true,"href":"https:\/\/ipanemavoyages.fr\/index.php\/wp-json\/wp\/v2\/users\/1"}],"replies":[{"embeddable":true,"href":"https:\/\/ipanemavoyages.fr\/index.php\/wp-json\/wp\/v2\/comments?post=551"}],"version-history":[{"count":11,"href":"https:\/\/ipanemavoyages.fr\/index.php\/wp-json\/wp\/v2\/pages\/551\/revisions"}],"predecessor-version":[{"id":720,"href":"https:\/\/ipanemavoyages.fr\/index.php\/wp-json\/wp\/v2\/pages\/551\/revisions\/720"}],"wp:attachment":[{"href":"https:\/\/ipanemavoyages.fr\/index.php\/wp-json\/wp\/v2\/media?parent=551"}],"curies":[{"name":"wp","href":"https:\/\/api.w.org\/{rel}","templated":true}]}}