{"id":504,"date":"2022-09-29T20:27:28","date_gmt":"2022-09-29T18:27:28","guid":{"rendered":"http:\/\/ipanemavoyages.fr\/?page_id=504"},"modified":"2025-09-01T11:24:52","modified_gmt":"2025-09-01T09:24:52","slug":"asie","status":"publish","type":"page","link":"https:\/\/ipanemavoyages.fr\/index.php\/asie\/","title":{"rendered":"Asie"},"content":{"rendered":"\n<h2 class=\"wp-block-heading\">THA\u00cfLANDE<\/h2>\n\n\n\n<div class=\"wp-block-columns are-vertically-aligned-center is-layout-flex wp-container-core-columns-is-layout-9d6595d7 wp-block-columns-is-layout-flex\">\n<div class=\"wp-block-column is-vertically-aligned-center is-layout-flow wp-block-column-is-layout-flow\" style=\"flex-basis:33.33%\">\n<p class=\"has-medium-font-size\">La Tha\u00eflande, ses temple et ses rizi\u00e8res. Vivez des exp\u00e9riences hors du communs comme une balade \u00e0 dos d\u2019\u00e9l\u00e9phant, rencontrez les peuples locaux et traversez le pont de la rivi\u00e8re Kwai. Gr\u00e2ce \u00e0 sa culture et ses paysages naturels \u00e0 couper le souffle, la Tha\u00eflande n\u2019a pas finit de vous s\u00e9duire.<\/p>\n\n\n\n<ul class=\"has-medium-font-size wp-block-list\"><li>Circuits en 12 et 15 jours<\/li><li>Programmes et tarifs disponibles sur demande<\/li><\/ul>\n<\/div>\n\n\n\n<div class=\"wp-block-column is-vertically-aligned-center is-layout-flow wp-block-column-is-layout-flow\" style=\"flex-basis:66.66%\">\n<figure class=\"wp-block-gallery has-nested-images columns-default is-cropped wp-block-gallery-1 is-layout-flex wp-block-gallery-is-layout-flex\">\n<figure class=\"wp-block-image size-large\"><img loading=\"lazy\" decoding=\"async\" width=\"683\" height=\"1024\" data-id=\"505\" src=\"http:\/\/ipanemavoyages.fr\/wp-content\/uploads\/2022\/09\/pexels-flo-dahm-1074442-683x1024.jpg\" alt=\"\" class=\"wp-image-505\" srcset=\"https:\/\/ipanemavoyages.fr\/wp-content\/uploads\/2022\/09\/pexels-flo-dahm-1074442-683x1024.jpg 683w, https:\/\/ipanemavoyages.fr\/wp-content\/uploads\/2022\/09\/pexels-flo-dahm-1074442-200x300.jpg 200w, https:\/\/ipanemavoyages.fr\/wp-content\/uploads\/2022\/09\/pexels-flo-dahm-1074442-768x1151.jpg 768w, https:\/\/ipanemavoyages.fr\/wp-content\/uploads\/2022\/09\/pexels-flo-dahm-1074442-1025x1536.jpg 1025w, https:\/\/ipanemavoyages.fr\/wp-content\/uploads\/2022\/09\/pexels-flo-dahm-1074442-1366x2048.jpg 1366w, https:\/\/ipanemavoyages.fr\/wp-content\/uploads\/2022\/09\/pexels-flo-dahm-1074442-scaled.jpg 1708w\" sizes=\"auto, (max-width: 683px) 100vw, 683px\" \/><\/figure>\n\n\n\n<figure class=\"wp-block-image size-large\"><img loading=\"lazy\" decoding=\"async\" width=\"683\" height=\"1024\" data-id=\"506\" src=\"http:\/\/ipanemavoyages.fr\/wp-content\/uploads\/2022\/09\/pexels-alex-azabache-3243020-683x1024.jpg\" alt=\"\" class=\"wp-image-506\" srcset=\"https:\/\/ipanemavoyages.fr\/wp-content\/uploads\/2022\/09\/pexels-alex-azabache-3243020-683x1024.jpg 683w, https:\/\/ipanemavoyages.fr\/wp-content\/uploads\/2022\/09\/pexels-alex-azabache-3243020-200x300.jpg 200w, https:\/\/ipanemavoyages.fr\/wp-content\/uploads\/2022\/09\/pexels-alex-azabache-3243020-768x1152.jpg 768w, https:\/\/ipanemavoyages.fr\/wp-content\/uploads\/2022\/09\/pexels-alex-azabache-3243020-1024x1536.jpg 1024w, https:\/\/ipanemavoyages.fr\/wp-content\/uploads\/2022\/09\/pexels-alex-azabache-3243020-1365x2048.jpg 1365w, https:\/\/ipanemavoyages.fr\/wp-content\/uploads\/2022\/09\/pexels-alex-azabache-3243020-scaled.jpg 1707w\" sizes=\"auto, (max-width: 683px) 100vw, 683px\" \/><\/figure>\n<\/figure>\n<\/div>\n<\/div>\n\n\n\n<div style=\"height:17px\" aria-hidden=\"true\" class=\"wp-block-spacer\"><\/div>\n\n\n\n<h2 class=\"wp-block-heading\">SRI LANKA<\/h2>\n\n\n\n<p class=\"has-medium-font-size\">Aventurez vous sur route du th\u00e9 au Sri Lanka. Le long de votre chemin, la nature prend le dessus. Admirez les parcs nationaux entour\u00e9s d\u2019\u00e9l\u00e9phants, la richesse culturelle immense d\u2019un pays aux temples mill\u00e9naires.<\/p>\n\n\n\n<figure class=\"wp-block-gallery has-nested-images columns-default is-cropped wp-block-gallery-2 is-layout-flex wp-block-gallery-is-layout-flex\">\n<figure class=\"wp-block-image size-large\"><img loading=\"lazy\" decoding=\"async\" width=\"680\" height=\"1024\" data-id=\"508\" src=\"http:\/\/ipanemavoyages.fr\/wp-content\/uploads\/2022\/09\/pexels-sandra-mack-2365974-680x1024.jpg\" alt=\"\" class=\"wp-image-508\" srcset=\"https:\/\/ipanemavoyages.fr\/wp-content\/uploads\/2022\/09\/pexels-sandra-mack-2365974-680x1024.jpg 680w, https:\/\/ipanemavoyages.fr\/wp-content\/uploads\/2022\/09\/pexels-sandra-mack-2365974-199x300.jpg 199w, https:\/\/ipanemavoyages.fr\/wp-content\/uploads\/2022\/09\/pexels-sandra-mack-2365974-scaled.jpg 1700w\" sizes=\"auto, (max-width: 680px) 100vw, 680px\" \/><\/figure>\n\n\n\n<figure class=\"wp-block-image size-large\"><img loading=\"lazy\" decoding=\"async\" width=\"837\" height=\"1024\" data-id=\"507\" src=\"http:\/\/ipanemavoyages.fr\/wp-content\/uploads\/2022\/09\/pexels-kavindra-yasas-3073033-837x1024.jpg\" alt=\"\" class=\"wp-image-507\" srcset=\"https:\/\/ipanemavoyages.fr\/wp-content\/uploads\/2022\/09\/pexels-kavindra-yasas-3073033-837x1024.jpg 837w, https:\/\/ipanemavoyages.fr\/wp-content\/uploads\/2022\/09\/pexels-kavindra-yasas-3073033-245x300.jpg 245w, https:\/\/ipanemavoyages.fr\/wp-content\/uploads\/2022\/09\/pexels-kavindra-yasas-3073033-768x940.jpg 768w, https:\/\/ipanemavoyages.fr\/wp-content\/uploads\/2022\/09\/pexels-kavindra-yasas-3073033-1256x1536.jpg 1256w, https:\/\/ipanemavoyages.fr\/wp-content\/uploads\/2022\/09\/pexels-kavindra-yasas-3073033-1674x2048.jpg 1674w\" sizes=\"auto, (max-width: 837px) 100vw, 837px\" \/><\/figure>\n\n\n\n<figure class=\"wp-block-image size-large\"><img loading=\"lazy\" decoding=\"async\" width=\"1024\" height=\"768\" data-id=\"510\" src=\"http:\/\/ipanemavoyages.fr\/wp-content\/uploads\/2022\/09\/pexels-tomas-malik-1998434-1024x768.jpg\" alt=\"\" class=\"wp-image-510\" srcset=\"https:\/\/ipanemavoyages.fr\/wp-content\/uploads\/2022\/09\/pexels-tomas-malik-1998434-1024x768.jpg 1024w, https:\/\/ipanemavoyages.fr\/wp-content\/uploads\/2022\/09\/pexels-tomas-malik-1998434-300x225.jpg 300w, https:\/\/ipanemavoyages.fr\/wp-content\/uploads\/2022\/09\/pexels-tomas-malik-1998434-768x576.jpg 768w, https:\/\/ipanemavoyages.fr\/wp-content\/uploads\/2022\/09\/pexels-tomas-malik-1998434-1536x1152.jpg 1536w, https:\/\/ipanemavoyages.fr\/wp-content\/uploads\/2022\/09\/pexels-tomas-malik-1998434-2048x1536.jpg 2048w\" sizes=\"auto, (max-width: 1024px) 100vw, 1024px\" \/><\/figure>\n<\/figure>\n\n\n\n<ul class=\"has-medium-font-size wp-block-list\"><li>Circuits en 11, 12 ou 13 jours<\/li><li>Programmes et tarifs sur demande<\/li><\/ul>\n\n\n\n<div style=\"height:31px\" aria-hidden=\"true\" class=\"wp-block-spacer\"><\/div>\n\n\n\n<h2 class=\"wp-block-heading\">VIETNAM<\/h2>\n\n\n\n<div class=\"wp-block-columns is-layout-flex wp-container-core-columns-is-layout-9d6595d7 wp-block-columns-is-layout-flex\">\n<div class=\"wp-block-column is-layout-flow wp-block-column-is-layout-flow\" style=\"flex-basis:66.66%\">\n<div class=\"wp-block-columns is-layout-flex wp-container-core-columns-is-layout-9d6595d7 wp-block-columns-is-layout-flex\">\n<div class=\"wp-block-column is-layout-flow wp-block-column-is-layout-flow\">\n<figure class=\"wp-block-image size-large\"><img loading=\"lazy\" decoding=\"async\" width=\"1024\" height=\"664\" src=\"http:\/\/ipanemavoyages.fr\/wp-content\/uploads\/2022\/09\/pexels-tomas-malik-1660996-1024x664.jpg\" alt=\"\" class=\"wp-image-512\" srcset=\"https:\/\/ipanemavoyages.fr\/wp-content\/uploads\/2022\/09\/pexels-tomas-malik-1660996-1024x664.jpg 1024w, https:\/\/ipanemavoyages.fr\/wp-content\/uploads\/2022\/09\/pexels-tomas-malik-1660996-300x194.jpg 300w, https:\/\/ipanemavoyages.fr\/wp-content\/uploads\/2022\/09\/pexels-tomas-malik-1660996-768x498.jpg 768w, https:\/\/ipanemavoyages.fr\/wp-content\/uploads\/2022\/09\/pexels-tomas-malik-1660996-1536x996.jpg 1536w, https:\/\/ipanemavoyages.fr\/wp-content\/uploads\/2022\/09\/pexels-tomas-malik-1660996-2048x1328.jpg 2048w\" sizes=\"auto, (max-width: 1024px) 100vw, 1024px\" \/><\/figure>\n<\/div>\n\n\n\n<div class=\"wp-block-column is-layout-flow wp-block-column-is-layout-flow\">\n<figure class=\"wp-block-image size-large is-resized\"><img loading=\"lazy\" decoding=\"async\" src=\"http:\/\/ipanemavoyages.fr\/wp-content\/uploads\/2022\/09\/pexels-sheep-2181111-1024x681.jpg\" alt=\"\" class=\"wp-image-513\" width=\"348\" height=\"231\" srcset=\"https:\/\/ipanemavoyages.fr\/wp-content\/uploads\/2022\/09\/pexels-sheep-2181111-1024x681.jpg 1024w, https:\/\/ipanemavoyages.fr\/wp-content\/uploads\/2022\/09\/pexels-sheep-2181111-300x200.jpg 300w, https:\/\/ipanemavoyages.fr\/wp-content\/uploads\/2022\/09\/pexels-sheep-2181111-768x511.jpg 768w, https:\/\/ipanemavoyages.fr\/wp-content\/uploads\/2022\/09\/pexels-sheep-2181111-1536x1022.jpg 1536w, https:\/\/ipanemavoyages.fr\/wp-content\/uploads\/2022\/09\/pexels-sheep-2181111-2048x1363.jpg 2048w, https:\/\/ipanemavoyages.fr\/wp-content\/uploads\/2022\/09\/pexels-sheep-2181111-930x620.jpg 930w\" sizes=\"auto, (max-width: 348px) 100vw, 348px\" \/><\/figure>\n<\/div>\n<\/div>\n\n\n\n<figure class=\"wp-block-gallery has-nested-images columns-default is-cropped wp-block-gallery-3 is-layout-flex wp-block-gallery-is-layout-flex\">\n<figure class=\"wp-block-image size-large\"><img loading=\"lazy\" decoding=\"async\" width=\"2560\" height=\"1709\" data-id=\"514\" src=\"http:\/\/ipanemavoyages.fr\/wp-content\/uploads\/2022\/09\/pexels-marcus-nguyen-980221-scaled.jpg\" alt=\"\" class=\"wp-image-514\" srcset=\"https:\/\/ipanemavoyages.fr\/wp-content\/uploads\/2022\/09\/pexels-marcus-nguyen-980221-scaled.jpg 2560w, https:\/\/ipanemavoyages.fr\/wp-content\/uploads\/2022\/09\/pexels-marcus-nguyen-980221-300x200.jpg 300w, https:\/\/ipanemavoyages.fr\/wp-content\/uploads\/2022\/09\/pexels-marcus-nguyen-980221-1024x684.jpg 1024w, https:\/\/ipanemavoyages.fr\/wp-content\/uploads\/2022\/09\/pexels-marcus-nguyen-980221-768x513.jpg 768w, https:\/\/ipanemavoyages.fr\/wp-content\/uploads\/2022\/09\/pexels-marcus-nguyen-980221-1536x1025.jpg 1536w, https:\/\/ipanemavoyages.fr\/wp-content\/uploads\/2022\/09\/pexels-marcus-nguyen-980221-2048x1367.jpg 2048w, https:\/\/ipanemavoyages.fr\/wp-content\/uploads\/2022\/09\/pexels-marcus-nguyen-980221-930x620.jpg 930w\" sizes=\"auto, (max-width: 2560px) 100vw, 2560px\" \/><\/figure>\n\n\n\n<figure class=\"wp-block-image size-large\"><img loading=\"lazy\" decoding=\"async\" width=\"2560\" height=\"1440\" data-id=\"515\" src=\"http:\/\/ipanemavoyages.fr\/wp-content\/uploads\/2022\/09\/pexels-foc-foodoncam-58597-1-scaled.jpg\" alt=\"\" class=\"wp-image-515\" srcset=\"https:\/\/ipanemavoyages.fr\/wp-content\/uploads\/2022\/09\/pexels-foc-foodoncam-58597-1-scaled.jpg 2560w, https:\/\/ipanemavoyages.fr\/wp-content\/uploads\/2022\/09\/pexels-foc-foodoncam-58597-1-300x169.jpg 300w, https:\/\/ipanemavoyages.fr\/wp-content\/uploads\/2022\/09\/pexels-foc-foodoncam-58597-1-1024x576.jpg 1024w, https:\/\/ipanemavoyages.fr\/wp-content\/uploads\/2022\/09\/pexels-foc-foodoncam-58597-1-768x432.jpg 768w, https:\/\/ipanemavoyages.fr\/wp-content\/uploads\/2022\/09\/pexels-foc-foodoncam-58597-1-1536x864.jpg 1536w, https:\/\/ipanemavoyages.fr\/wp-content\/uploads\/2022\/09\/pexels-foc-foodoncam-58597-1-2048x1152.jpg 2048w\" sizes=\"auto, (max-width: 2560px) 100vw, 2560px\" \/><\/figure>\n<\/figure>\n<\/div>\n\n\n\n<div class=\"wp-block-column is-vertically-aligned-center is-layout-flow wp-block-column-is-layout-flow\" style=\"flex-basis:33.33%\">\n<p>Les cit\u00e9s anciennes du Vietnam n\u2019attendent que vous !<\/p>\n\n\n\n<p class=\"has-medium-font-size\">La culture locale vous envoutera tout au long de votre s\u00e9jour o\u00f9 vous embarquerez \u00e0 bord d\u2019un train luxueux qui vous conduira jusque sur les hauts plateaux du nord Vietnam. Admirez les nombreuses \u00eeles de la magnifique baie d\u2019Halong \u00e0 bord d\u2019un bateau traditionnel. D\u00e9couvrez Hanoi et Ho Chi Minh et le Delta du M\u00e9kong. Au petit matin, le soleil vous accueillera pour un cours de Ta\u00ef Chi traditionnel.<\/p>\n\n\n\n<ul class=\"has-medium-font-size wp-block-list\"><li>Circuits en 12 et 15 jours<\/li><li>Programmes et tarifs sur demande<\/li><\/ul>\n<\/div>\n<\/div>\n\n\n\n<div style=\"height:31px\" aria-hidden=\"true\" class=\"wp-block-spacer\"><\/div>\n\n\n\n<h2 class=\"wp-block-heading\">CAMBODGE<\/h2>\n\n\n\n<div class=\"wp-block-columns is-layout-flex wp-container-core-columns-is-layout-9d6595d7 wp-block-columns-is-layout-flex\">\n<div class=\"wp-block-column is-vertically-aligned-center is-layout-flow wp-block-column-is-layout-flow\" style=\"flex-basis:33.33%\">\n<p class=\"has-medium-font-size\">L\u2019h\u00e9ritage du Cambodge vous d\u00e9payse : sites arch\u00e9ologiques, temples bouddhistes, vestiges de l\u2019Empire Khmer. Rencontrez les \u00e9l\u00e9phants d\u2019Asie, les danseuses c\u00e9lestes Asparas et la c\u00e9l\u00e8bre \u00ab&nbsp;perle d\u2019Asie&nbsp;\u00bb : Angkor. Ces paysages et minorit\u00e9s ethniques vous feront vivre un plein d\u2019\u00e9motions qui vous feront adorer ce pays aux paysages vari\u00e9s.<\/p>\n\n\n\n<ul class=\"has-medium-font-size wp-block-list\"><li>Circuits en 12 et 15 jours<\/li><li>Programmes et tarifs sur demande<\/li><\/ul>\n<\/div>\n\n\n\n<div class=\"wp-block-column is-layout-flow wp-block-column-is-layout-flow\" style=\"flex-basis:66.66%\">\n<div class=\"wp-block-columns is-layout-flex wp-container-core-columns-is-layout-9d6595d7 wp-block-columns-is-layout-flex\">\n<div class=\"wp-block-column is-layout-flow wp-block-column-is-layout-flow\" style=\"flex-basis:66.66%\">\n<figure class=\"wp-block-image size-large is-resized\"><img loading=\"lazy\" decoding=\"async\" src=\"http:\/\/ipanemavoyages.fr\/wp-content\/uploads\/2022\/09\/pexels-daniel-lazarov-2762920-768x1024.jpg\" alt=\"\" class=\"wp-image-518\" width=\"387\" height=\"515\" srcset=\"https:\/\/ipanemavoyages.fr\/wp-content\/uploads\/2022\/09\/pexels-daniel-lazarov-2762920-768x1024.jpg 768w, https:\/\/ipanemavoyages.fr\/wp-content\/uploads\/2022\/09\/pexels-daniel-lazarov-2762920-225x300.jpg 225w, https:\/\/ipanemavoyages.fr\/wp-content\/uploads\/2022\/09\/pexels-daniel-lazarov-2762920-1152x1536.jpg 1152w, https:\/\/ipanemavoyages.fr\/wp-content\/uploads\/2022\/09\/pexels-daniel-lazarov-2762920-1536x2048.jpg 1536w, https:\/\/ipanemavoyages.fr\/wp-content\/uploads\/2022\/09\/pexels-daniel-lazarov-2762920-scaled.jpg 1921w\" sizes=\"auto, (max-width: 387px) 100vw, 387px\" \/><\/figure>\n<\/div>\n\n\n\n<div class=\"wp-block-column is-layout-flow wp-block-column-is-layout-flow\" style=\"flex-basis:33.33%\">\n<figure class=\"wp-block-image size-large is-resized\"><img loading=\"lazy\" decoding=\"async\" src=\"http:\/\/ipanemavoyages.fr\/wp-content\/uploads\/2022\/09\/pexels-rahabi-khan-6181231-768x1024.jpg\" alt=\"\" class=\"wp-image-516\" width=\"177\" height=\"236\" srcset=\"https:\/\/ipanemavoyages.fr\/wp-content\/uploads\/2022\/09\/pexels-rahabi-khan-6181231-768x1024.jpg 768w, https:\/\/ipanemavoyages.fr\/wp-content\/uploads\/2022\/09\/pexels-rahabi-khan-6181231-225x300.jpg 225w, https:\/\/ipanemavoyages.fr\/wp-content\/uploads\/2022\/09\/pexels-rahabi-khan-6181231-1152x1536.jpg 1152w, https:\/\/ipanemavoyages.fr\/wp-content\/uploads\/2022\/09\/pexels-rahabi-khan-6181231-1536x2048.jpg 1536w, https:\/\/ipanemavoyages.fr\/wp-content\/uploads\/2022\/09\/pexels-rahabi-khan-6181231-scaled.jpg 1920w\" sizes=\"auto, (max-width: 177px) 100vw, 177px\" \/><\/figure>\n\n\n\n<figure class=\"wp-block-image size-large is-resized\"><img loading=\"lazy\" decoding=\"async\" src=\"http:\/\/ipanemavoyages.fr\/wp-content\/uploads\/2022\/09\/pexels-chantha-ou-5159072-683x1024.jpg\" alt=\"\" class=\"wp-image-517\" width=\"176\" height=\"264\" srcset=\"https:\/\/ipanemavoyages.fr\/wp-content\/uploads\/2022\/09\/pexels-chantha-ou-5159072-683x1024.jpg 683w, https:\/\/ipanemavoyages.fr\/wp-content\/uploads\/2022\/09\/pexels-chantha-ou-5159072-200x300.jpg 200w, https:\/\/ipanemavoyages.fr\/wp-content\/uploads\/2022\/09\/pexels-chantha-ou-5159072-768x1152.jpg 768w, https:\/\/ipanemavoyages.fr\/wp-content\/uploads\/2022\/09\/pexels-chantha-ou-5159072-1024x1536.jpg 1024w, https:\/\/ipanemavoyages.fr\/wp-content\/uploads\/2022\/09\/pexels-chantha-ou-5159072-1365x2048.jpg 1365w, https:\/\/ipanemavoyages.fr\/wp-content\/uploads\/2022\/09\/pexels-chantha-ou-5159072-scaled.jpg 1707w\" sizes=\"auto, (max-width: 176px) 100vw, 176px\" \/><\/figure>\n<\/div>\n<\/div>\n<\/div>\n<\/div>\n\n\n\n<h2 class=\"wp-block-heading\">BIRMANIE<\/h2>\n\n\n\n<p class=\"has-medium-font-size\">\u00c9lancez vous entre les fameuses pagodes de la Terre d\u2019Or et visitez les sites magiques au pass\u00e9 myst\u00e9rieux. Gravissez les monts mythiques afin de d\u00e9couvrir les temples aux d\u00e9cors uniques entour\u00e9s de nature luxuriante sans oublier les villages lacustres et les plages de cocotiers.<\/p>\n\n\n\n<figure class=\"wp-block-gallery has-nested-images columns-default is-cropped wp-block-gallery-4 is-layout-flex wp-block-gallery-is-layout-flex\">\n<figure class=\"wp-block-image size-large\"><img loading=\"lazy\" decoding=\"async\" width=\"1024\" height=\"683\" data-id=\"519\" src=\"http:\/\/ipanemavoyages.fr\/wp-content\/uploads\/2022\/09\/pexels-michael-washington-7473967-1024x683.jpg\" alt=\"\" class=\"wp-image-519\" srcset=\"https:\/\/ipanemavoyages.fr\/wp-content\/uploads\/2022\/09\/pexels-michael-washington-7473967-1024x683.jpg 1024w, https:\/\/ipanemavoyages.fr\/wp-content\/uploads\/2022\/09\/pexels-michael-washington-7473967-300x200.jpg 300w, https:\/\/ipanemavoyages.fr\/wp-content\/uploads\/2022\/09\/pexels-michael-washington-7473967-768x512.jpg 768w, https:\/\/ipanemavoyages.fr\/wp-content\/uploads\/2022\/09\/pexels-michael-washington-7473967-1536x1024.jpg 1536w, https:\/\/ipanemavoyages.fr\/wp-content\/uploads\/2022\/09\/pexels-michael-washington-7473967-2048x1365.jpg 2048w, https:\/\/ipanemavoyages.fr\/wp-content\/uploads\/2022\/09\/pexels-michael-washington-7473967-930x620.jpg 930w\" sizes=\"auto, (max-width: 1024px) 100vw, 1024px\" \/><\/figure>\n\n\n\n<figure class=\"wp-block-image size-large\"><img loading=\"lazy\" decoding=\"async\" width=\"768\" height=\"1024\" data-id=\"520\" src=\"http:\/\/ipanemavoyages.fr\/wp-content\/uploads\/2022\/09\/pexels-tony-wu-7437924-768x1024.jpg\" alt=\"\" class=\"wp-image-520\" srcset=\"https:\/\/ipanemavoyages.fr\/wp-content\/uploads\/2022\/09\/pexels-tony-wu-7437924-768x1024.jpg 768w, https:\/\/ipanemavoyages.fr\/wp-content\/uploads\/2022\/09\/pexels-tony-wu-7437924-225x300.jpg 225w, https:\/\/ipanemavoyages.fr\/wp-content\/uploads\/2022\/09\/pexels-tony-wu-7437924-1152x1536.jpg 1152w, https:\/\/ipanemavoyages.fr\/wp-content\/uploads\/2022\/09\/pexels-tony-wu-7437924-1536x2048.jpg 1536w, https:\/\/ipanemavoyages.fr\/wp-content\/uploads\/2022\/09\/pexels-tony-wu-7437924-scaled.jpg 1920w\" sizes=\"auto, (max-width: 768px) 100vw, 768px\" \/><\/figure>\n\n\n\n<figure class=\"wp-block-image size-large\"><img loading=\"lazy\" decoding=\"async\" width=\"1024\" height=\"688\" data-id=\"521\" src=\"http:\/\/ipanemavoyages.fr\/wp-content\/uploads\/2022\/09\/pexels-phuong-nguyen-5866429-1024x688.jpg\" alt=\"\" class=\"wp-image-521\" srcset=\"https:\/\/ipanemavoyages.fr\/wp-content\/uploads\/2022\/09\/pexels-phuong-nguyen-5866429-1024x688.jpg 1024w, https:\/\/ipanemavoyages.fr\/wp-content\/uploads\/2022\/09\/pexels-phuong-nguyen-5866429-300x202.jpg 300w, https:\/\/ipanemavoyages.fr\/wp-content\/uploads\/2022\/09\/pexels-phuong-nguyen-5866429-768x516.jpg 768w, https:\/\/ipanemavoyages.fr\/wp-content\/uploads\/2022\/09\/pexels-phuong-nguyen-5866429-1536x1033.jpg 1536w, https:\/\/ipanemavoyages.fr\/wp-content\/uploads\/2022\/09\/pexels-phuong-nguyen-5866429-2048x1377.jpg 2048w\" sizes=\"auto, (max-width: 1024px) 100vw, 1024px\" \/><\/figure>\n<\/figure>\n\n\n\n<ul class=\"has-medium-font-size wp-block-list\"><li>Circuits en 12 et 15 jours<\/li><li>Programmes et tarifs sur demande<\/li><\/ul>\n","protected":false},"excerpt":{"rendered":"<p>THA\u00cfLANDE La Tha\u00eflande, ses temple et ses rizi\u00e8res. Vivez des exp\u00e9riences hors du communs comme une balade \u00e0 dos d\u2019\u00e9l\u00e9phant, rencontrez les peuples locaux et traversez le pont de la rivi\u00e8re Kwai. Gr\u00e2ce \u00e0 sa culture et ses paysages naturels \u00e0 couper le souffle, la Tha\u00eflande n\u2019a pas finit de vous s\u00e9duire. Circuits en 12&hellip;&nbsp;<a href=\"https:\/\/ipanemavoyages.fr\/index.php\/asie\/\" class=\"\" rel=\"bookmark\">Lire la suite &raquo;<span class=\"screen-reader-text\">Asie<\/span><\/a><\/p>\n","protected":false},"author":1,"featured_media":0,"parent":0,"menu_order":0,"comment_status":"closed","ping_status":"closed","template":"","meta":{"neve_meta_sidebar":"","neve_meta_container":"","neve_meta_enable_content_width":"","neve_meta_content_width":0,"neve_meta_title_alignment":"","neve_meta_author_avatar":"","neve_post_elements_order":"","neve_meta_disable_header":"","neve_meta_disable_footer":"","neve_meta_disable_title":"","footnotes":""},"class_list":["post-504","page","type-page","status-publish","hentry"],"_links":{"self":[{"href":"https:\/\/ipanemavoyages.fr\/index.php\/wp-json\/wp\/v2\/pages\/504","targetHints":{"allow":["GET"]}}],"collection":[{"href":"https:\/\/ipanemavoyages.fr\/index.php\/wp-json\/wp\/v2\/pages"}],"about":[{"href":"https:\/\/ipanemavoyages.fr\/index.php\/wp-json\/wp\/v2\/types\/page"}],"author":[{"embeddable":true,"href":"https:\/\/ipanemavoyages.fr\/index.php\/wp-json\/wp\/v2\/users\/1"}],"replies":[{"embeddable":true,"href":"https:\/\/ipanemavoyages.fr\/index.php\/wp-json\/wp\/v2\/comments?post=504"}],"version-history":[{"count":1,"href":"https:\/\/ipanemavoyages.fr\/index.php\/wp-json\/wp\/v2\/pages\/504\/revisions"}],"predecessor-version":[{"id":522,"href":"https:\/\/ipanemavoyages.fr\/index.php\/wp-json\/wp\/v2\/pages\/504\/revisions\/522"}],"wp:attachment":[{"href":"https:\/\/ipanemavoyages.fr\/index.php\/wp-json\/wp\/v2\/media?parent=504"}],"curies":[{"name":"wp","href":"https:\/\/api.w.org\/{rel}","templated":true}]}}