{"id":355,"date":"2022-09-28T19:24:43","date_gmt":"2022-09-28T17:24:43","guid":{"rendered":"http:\/\/ipanemavoyages.fr\/index.php\/home\/"},"modified":"2025-08-29T13:29:58","modified_gmt":"2025-08-29T11:29:58","slug":"accueil","status":"publish","type":"page","link":"https:\/\/ipanemavoyages.fr\/","title":{"rendered":"Accueil"},"content":{"rendered":"\n<div class=\"wp-block-cover alignfull is-light\" style=\"min-height:663px;aspect-ratio:unset;\"><video class=\"wp-block-cover__video-background intrinsic-ignore\" autoplay muted loop playsinline src=\"https:\/\/ipanemavoyages.fr\/wp-content\/uploads\/2025\/08\/video-ipanema-voyages-1.mp4\" data-object-fit=\"cover\"><\/video><span aria-hidden=\"true\" class=\"wp-block-cover__background has-nv-dark-bg-background-color has-background-dim-30 has-background-dim\"><\/span><div class=\"wp-block-cover__inner-container is-layout-flow wp-block-cover-is-layout-flow\">\n<h1 class=\"wp-block-heading has-text-align-center has-text-color\" style=\"color:#edededbd\">Explorez le monde avec nous !<\/h1>\n\n\n\n<p class=\"has-text-align-center has-text-color has-medium-font-size\" style=\"color:#f2f2f27d;font-style:normal;font-weight:500\">Nous sommes sp\u00e9cialistes des voyages de groupe. Depuis 10 ans, nous \u00e9laborons et r\u00e9alisons des circuits et s\u00e9jours personnalis\u00e9s selon vos envies en France, en Europe et dans le Monde entier.  Notre client\u00e8le ? Les associations, les CSE, les collectivit\u00e9s\u2026<\/p>\n\n\n\n<div style=\"height:34px\" aria-hidden=\"true\" class=\"wp-block-spacer\"><\/div>\n\n\n\n<p class=\"has-text-align-center has-text-color has-medium-font-size\" style=\"color:#ffffff8f;font-style:normal;font-weight:600\">N\u2019attendez plus et contactez nous pour recevoir un devis personnalis\u00e9 sur la destination de votre choix.<\/p>\n\n\n\n<div style=\"height:32px\" aria-hidden=\"true\" class=\"wp-block-spacer\"><\/div>\n\n\n\n<div class=\"wp-block-buttons is-horizontal is-content-justification-center is-layout-flex wp-container-core-buttons-is-layout-499968f5 wp-block-buttons-is-layout-flex\">\n<div class=\"wp-block-button is-style-primary\"><a class=\"wp-block-button__link has-nv-site-bg-color has-text-color has-background wp-element-button\" href=\"https:\/\/ipanemavoyages.fr\/index.php\/contact\/\" style=\"border-radius:50px;background-color:#9f2131\">NOUS CONTACTER<\/a><\/div>\n<\/div>\n<\/div><\/div>\n\n\n\n<div style=\"height:9px\" aria-hidden=\"true\" class=\"wp-block-spacer\"><\/div>\n\n\n\n<div style=\"height:61px\" aria-hidden=\"true\" class=\"wp-block-spacer\"><\/div>\n\n\n\n<div class=\"wp-block-cover alignfull\" style=\"min-height:600px;aspect-ratio:unset;\"><span aria-hidden=\"true\" class=\"wp-block-cover__background has-nv-site-bg-background-color has-background-dim-100 has-background-dim\"><\/span><div class=\"wp-block-cover__inner-container is-layout-flow wp-block-cover-is-layout-flow\">\n<div class=\"wp-block-group\"><div class=\"wp-block-group__inner-container is-layout-flow wp-block-group-is-layout-flow\">\n<div class=\"wp-block-columns are-vertically-aligned-center is-layout-flex wp-container-core-columns-is-layout-9d6595d7 wp-block-columns-is-layout-flex\">\n<div class=\"wp-block-column is-vertically-aligned-center is-layout-flow wp-block-column-is-layout-flow\" style=\"flex-basis:50%\">\n<figure class=\"wp-block-image size-large is-resized is-style-rounded\"><img loading=\"lazy\" decoding=\"async\" width=\"996\" height=\"1024\" src=\"http:\/\/ipanemavoyages.fr\/wp-content\/uploads\/2022\/09\/pexels-element-digital-1051075-996x1024.jpg\" alt=\"\" class=\"wp-image-383\" srcset=\"https:\/\/ipanemavoyages.fr\/wp-content\/uploads\/2022\/09\/pexels-element-digital-1051075-996x1024.jpg 996w, https:\/\/ipanemavoyages.fr\/wp-content\/uploads\/2022\/09\/pexels-element-digital-1051075-292x300.jpg 292w, https:\/\/ipanemavoyages.fr\/wp-content\/uploads\/2022\/09\/pexels-element-digital-1051075-768x790.jpg 768w, https:\/\/ipanemavoyages.fr\/wp-content\/uploads\/2022\/09\/pexels-element-digital-1051075-1493x1536.jpg 1493w, https:\/\/ipanemavoyages.fr\/wp-content\/uploads\/2022\/09\/pexels-element-digital-1051075-1991x2048.jpg 1991w\" sizes=\"auto, (max-width: 996px) 100vw, 996px\" \/><\/figure>\n<\/div>\n\n\n\n<div class=\"wp-block-column is-vertically-aligned-center is-layout-flow wp-block-column-is-layout-flow\" style=\"flex-basis:50%\">\n<h2 class=\"wp-block-heading has-text-align-left has-neve-text-color-color has-text-color\">Profitez de notre exp\u00e9rience pour construire ensemble le voyage que vous souhaitez !<\/h2>\n\n\n\n<p class=\"has-neve-text-color-color has-text-color\">Confiez nous votre projet de s\u00e9jour ou de circuit. Nous l\u2019\u00e9tudierons et le concevrons ensemble dans les moindres d\u00e9tails.                                  Notre ma\u00eetre mot ? la flexibilit\u00e9.<\/p>\n\n\n\n<p class=\"has-neve-text-color-color has-text-color\">Vous manquez de temps ?<\/p>\n\n\n\n<p class=\"has-neve-text-color-color has-text-color\">Choisissez votre prochaine destination, nous nous chargeons du reste !<\/p>\n\n\n\n<div class=\"wp-block-buttons is-horizontal is-content-justification-center is-layout-flex wp-container-core-buttons-is-layout-499968f5 wp-block-buttons-is-layout-flex\">\n<div class=\"wp-block-button is-style-primary\"><a class=\"wp-block-button__link has-nv-site-bg-color has-text-color has-background wp-element-button\" href=\"https:\/\/ipanemavoyages.fr\/index.php\/contact\/\" style=\"border-radius:50px;background-color:#9f2131\">PRENDRE RENDEZ-VOUS<\/a><\/div>\n<\/div>\n<\/div>\n<\/div>\n<\/div><\/div>\n<\/div><\/div>\n\n\n\n<div style=\"height:25px\" aria-hidden=\"true\" class=\"wp-block-spacer\"><\/div>\n\n\n\n<div class=\"wp-block-cover alignfull\" style=\"min-height:666px;aspect-ratio:unset;\"><span aria-hidden=\"true\" class=\"wp-block-cover__background has-nv-dark-bg-background-color has-background-dim-100 has-background-dim\"><\/span><div class=\"wp-block-cover__inner-container is-layout-flow wp-block-cover-is-layout-flow\">\n<div style=\"height:27px\" aria-hidden=\"true\" class=\"wp-block-spacer\"><\/div>\n\n\n\n<div class=\"wp-block-group\"><div class=\"wp-block-group__inner-container is-layout-flow wp-block-group-is-layout-flow\">\n<div style=\"height:0px\" aria-hidden=\"true\" class=\"wp-block-spacer\"><\/div>\n\n\n\n<div class=\"wp-block-columns are-vertically-aligned-center is-layout-flex wp-container-core-columns-is-layout-9d6595d7 wp-block-columns-is-layout-flex\">\n<div class=\"wp-block-column is-vertically-aligned-center is-layout-flow wp-block-column-is-layout-flow\" style=\"flex-basis:50%\">\n<h2 class=\"wp-block-heading has-text-align-left has-nv-light-bg-color has-text-color\">Destinations \u00e0 d\u00e9couvrir<\/h2>\n\n\n\n<p class=\"has-text-align-left has-nv-site-bg-color has-text-color\" style=\"font-size:17px\">Des lieux exotiques aux capitales d\u2019Europe, la liste est&nbsp;<em>presque<\/em>&nbsp;sans fin et nous avons l\u2019offre qu\u2019il vous faut.<\/p>\n\n\n\n<div class=\"wp-block-buttons is-horizontal is-content-justification-center is-layout-flex wp-container-core-buttons-is-layout-499968f5 wp-block-buttons-is-layout-flex\">\n<div class=\"wp-block-button is-style-primary\"><a class=\"wp-block-button__link has-nv-site-bg-color has-text-color has-background wp-element-button\" href=\"https:\/\/ipanemavoyages.fr\/index.php\/nos-destinations-programmees\/\" style=\"border-radius:50px;background-color:#9f2131\">NOS DESTINATIONS PROGRAMM\u00c9ES<\/a><\/div>\n<\/div>\n\n\n\n<div style=\"height:40px\" aria-hidden=\"true\" class=\"wp-block-spacer\"><\/div>\n<\/div>\n\n\n\n<div class=\"wp-block-column is-vertically-aligned-center is-layout-flow wp-block-column-is-layout-flow\" style=\"flex-basis:50%\"><div class=\"wp-block-image is-resized is-style-rounded\">\n<figure class=\"aligncenter size-large\"><img loading=\"lazy\" decoding=\"async\" width=\"683\" height=\"1024\" src=\"http:\/\/ipanemavoyages.fr\/wp-content\/uploads\/2022\/09\/pexels-rachel-claire-4993283-683x1024.jpg\" alt=\"\" class=\"wp-image-382\" srcset=\"https:\/\/ipanemavoyages.fr\/wp-content\/uploads\/2022\/09\/pexels-rachel-claire-4993283-683x1024.jpg 683w, https:\/\/ipanemavoyages.fr\/wp-content\/uploads\/2022\/09\/pexels-rachel-claire-4993283-200x300.jpg 200w, https:\/\/ipanemavoyages.fr\/wp-content\/uploads\/2022\/09\/pexels-rachel-claire-4993283-768x1152.jpg 768w, https:\/\/ipanemavoyages.fr\/wp-content\/uploads\/2022\/09\/pexels-rachel-claire-4993283-1024x1536.jpg 1024w, https:\/\/ipanemavoyages.fr\/wp-content\/uploads\/2022\/09\/pexels-rachel-claire-4993283-1365x2048.jpg 1365w, https:\/\/ipanemavoyages.fr\/wp-content\/uploads\/2022\/09\/pexels-rachel-claire-4993283-scaled.jpg 1707w\" sizes=\"auto, (max-width: 683px) 100vw, 683px\" \/><\/figure>\n<\/div><\/div>\n<\/div>\n<\/div><\/div>\n<\/div><\/div>\n\n\n\n<div class=\"wp-block-cover alignfull\" style=\"min-height:458px;aspect-ratio:unset;\"><img loading=\"lazy\" decoding=\"async\" width=\"2560\" height=\"1677\" class=\"wp-block-cover__image-background wp-image-377\" alt=\"\" src=\"http:\/\/ipanemavoyages.fr\/wp-content\/uploads\/2022\/09\/pexels-andrea-piacquadio-3769120-scaled.jpg\" data-object-fit=\"cover\" srcset=\"https:\/\/ipanemavoyages.fr\/wp-content\/uploads\/2022\/09\/pexels-andrea-piacquadio-3769120-scaled.jpg 2560w, https:\/\/ipanemavoyages.fr\/wp-content\/uploads\/2022\/09\/pexels-andrea-piacquadio-3769120-300x197.jpg 300w, https:\/\/ipanemavoyages.fr\/wp-content\/uploads\/2022\/09\/pexels-andrea-piacquadio-3769120-1024x671.jpg 1024w, https:\/\/ipanemavoyages.fr\/wp-content\/uploads\/2022\/09\/pexels-andrea-piacquadio-3769120-768x503.jpg 768w, https:\/\/ipanemavoyages.fr\/wp-content\/uploads\/2022\/09\/pexels-andrea-piacquadio-3769120-1536x1006.jpg 1536w, https:\/\/ipanemavoyages.fr\/wp-content\/uploads\/2022\/09\/pexels-andrea-piacquadio-3769120-2048x1342.jpg 2048w\" sizes=\"auto, (max-width: 2560px) 100vw, 2560px\" \/><span aria-hidden=\"true\" class=\"wp-block-cover__background has-nv-dark-bg-background-color has-background-dim\"><\/span><div class=\"wp-block-cover__inner-container is-layout-flow wp-block-cover-is-layout-flow\">\n<div style=\"height:0px\" aria-hidden=\"true\" class=\"wp-block-spacer\"><\/div>\n\n\n\n<div style=\"height:16px\" aria-hidden=\"true\" class=\"wp-block-spacer\"><\/div>\n\n\n\n<h2 class=\"wp-block-heading has-text-align-center has-nv-text-dark-bg-color has-text-color\">Travaillons ensemble sur votre projet<\/h2>\n\n\n\n<p class=\"has-text-align-center has-nv-site-bg-color has-text-color has-link-color wp-elements-97ac7d27fb6ff845940fd8b8d847cca8\">Prenez contact tout de suite avec nous en cliquant sur le bouton ci-dessous :<\/p>\n\n\n\n<div class=\"wp-block-buttons is-horizontal is-content-justification-center is-layout-flex wp-container-core-buttons-is-layout-499968f5 wp-block-buttons-is-layout-flex\">\n<div class=\"wp-block-button is-style-primary\"><a class=\"wp-block-button__link has-nv-site-bg-color has-text-color has-background wp-element-button\" href=\"https:\/\/ipanemavoyages.fr\/index.php\/contact\/\" style=\"border-radius:50px;background-color:#9f2131\">PRENDRE RENDEZ-VOUS<\/a><\/div>\n<\/div>\n\n\n\n<div style=\"height:25px\" aria-hidden=\"true\" class=\"wp-block-spacer\"><\/div>\n<\/div><\/div>\n","protected":false},"excerpt":{"rendered":"","protected":false},"author":1,"featured_media":0,"parent":0,"menu_order":0,"comment_status":"closed","ping_status":"closed","template":"","meta":{"neve_meta_sidebar":"default","neve_meta_container":"default","neve_meta_enable_content_width":"on","neve_meta_content_width":100,"neve_meta_title_alignment":"center","neve_meta_author_avatar":"","neve_post_elements_order":"","neve_meta_disable_header":"","neve_meta_disable_footer":"","neve_meta_disable_title":"on","footnotes":""},"class_list":["post-355","page","type-page","status-publish","hentry"],"_links":{"self":[{"href":"https:\/\/ipanemavoyages.fr\/index.php\/wp-json\/wp\/v2\/pages\/355","targetHints":{"allow":["GET"]}}],"collection":[{"href":"https:\/\/ipanemavoyages.fr\/index.php\/wp-json\/wp\/v2\/pages"}],"about":[{"href":"https:\/\/ipanemavoyages.fr\/index.php\/wp-json\/wp\/v2\/types\/page"}],"author":[{"embeddable":true,"href":"https:\/\/ipanemavoyages.fr\/index.php\/wp-json\/wp\/v2\/users\/1"}],"replies":[{"embeddable":true,"href":"https:\/\/ipanemavoyages.fr\/index.php\/wp-json\/wp\/v2\/comments?post=355"}],"version-history":[{"count":50,"href":"https:\/\/ipanemavoyages.fr\/index.php\/wp-json\/wp\/v2\/pages\/355\/revisions"}],"predecessor-version":[{"id":789,"href":"https:\/\/ipanemavoyages.fr\/index.php\/wp-json\/wp\/v2\/pages\/355\/revisions\/789"}],"wp:attachment":[{"href":"https:\/\/ipanemavoyages.fr\/index.php\/wp-json\/wp\/v2\/media?parent=355"}],"curies":[{"name":"wp","href":"https:\/\/api.w.org\/{rel}","templated":true}]}}